{"id":10664,"date":"2020-05-25T13:12:47","date_gmt":"2020-05-25T13:12:47","guid":{"rendered":"https:\/\/stacczero.local\/brand-materials\/"},"modified":"2021-10-06T17:49:10","modified_gmt":"2021-10-06T17:49:10","slug":"cvi","status":"publish","type":"page","link":"https:\/\/stacc.ee\/et\/cvi\/","title":{"rendered":"Jaotus- ja turundusmaterjalid"},"content":{"rendered":"<p><span style=\"color: #009b00;\"><span style=\"color: #009bc0;\"><span style=\"color: #000000;\">STACCi nime ja tunnusgraafika autori\u00f5igused kuuluvad STACCile. Kui soovid meie materjale kasutada, palun lepi eelnevalt kokku&nbsp;<a href=\"mailto:monika.oun@stacc.flywheelstaging.com\" target=\"_blank\" rel=\"noopener noreferrer\">monika.oun@stacc.flywheelstaging.com<\/a><\/p>\n<p style=\"text-align: left;\"><a href=\"https:\/\/stacc.ee\/wp-content\/uploads\/2020\/05\/STACC_logo-va\u0308rviline.png\">&nbsp;&nbsp; &nbsp;<img decoding=\"async\" class=\"alignnone wp-image-8410\" src=\"https:\/\/stacc.ee\/wp-content\/uploads\/2020\/05\/STACC_logo-va\u0308rviline-300x155.png\" alt=\"\" width=\"200\" height=\"103\" srcset=\"https:\/\/stacc.ee\/wp-content\/uploads\/2020\/05\/STACC_logo-va\u0308rviline-300x155.png 300w, https:\/\/stacc.ee\/wp-content\/uploads\/2020\/05\/STACC_logo-va\u0308rviline.png 535w\" sizes=\"(max-width: 200px) 100vw, 200px\" \/><\/a><\/p>\n<p style=\"text-align: left;\"><a href=\"https:\/\/stacc.ee\/wp-content\/uploads\/2020\/05\/STACC_logo-must.png\">&nbsp; &nbsp;<img decoding=\"async\" class=\"alignnone wp-image-8409\" src=\"https:\/\/stacc.ee\/wp-content\/uploads\/2020\/05\/STACC_logo-must-300x155.png\" alt=\"\" width=\"200\" height=\"103\" srcset=\"https:\/\/stacc.ee\/wp-content\/uploads\/2020\/05\/STACC_logo-must-300x155.png 300w, https:\/\/stacc.ee\/wp-content\/uploads\/2020\/05\/STACC_logo-must.png 535w\" sizes=\"(max-width: 200px) 100vw, 200px\" \/><\/a><\/p>\n<p><a href=\"https:\/\/stacc.ee\/wp-content\/uploads\/2020\/05\/STACC_logo_700x342px.png\"><img decoding=\"async\" class=\"wp-image-8408 alignleft\" src=\"https:\/\/stacc.ee\/wp-content\/uploads\/2020\/05\/STACC_logo_700x342px-300x147.png\" alt=\"\" width=\"250\" height=\"122\" srcset=\"https:\/\/stacc.ee\/wp-content\/uploads\/2020\/05\/STACC_logo_700x342px-300x147.png 300w, https:\/\/stacc.ee\/wp-content\/uploads\/2020\/05\/STACC_logo_700x342px.png 700w\" sizes=\"(max-width: 250px) 100vw, 250px\" \/><\/a><\/p>\n<p style=\"text-align: left;\">Kujundusfailid saad alla laadida:<\/p>\n<ul style=\"list-style-type: disc;\">\n<li><a href=\"https:\/\/www.stacc.local\/wp-content\/uploads\/2020\/05\/STACC_v%C3%A4rvid-logo-font.pdf\">Instructions for using colors, logo and font<\/a><\/li>\n<li><a href=\"https:\/\/stacc.ee\/wp-content\/uploads\/2020\/05\/STACC-logo-black.pdf\">STACC logo (must)<\/a><\/li>\n<li><a href=\"https:\/\/stacc.ee\/wp-content\/uploads\/2020\/05\/STACC-logo-valge.pdf\">STACC logo (valge)<\/a><\/li>\n<li><a href=\"https:\/\/stacc.ee\/wp-content\/uploads\/2020\/05\/STACC-logo-color_sloganita.pdf\">STACC logo (v\u00e4rviline)<\/a><\/li>\n<li><a href=\"https:\/\/stacc.ee\/wp-content\/uploads\/2020\/05\/STACC-logo-color.pdf\">STACC logo &amp; slogan (v\u00e4rviline)<\/a><\/li>\n<\/ul>\n<p>Oleme koostanud ka jaotusmaterjale, mille abil STACCist selgem pilt anda.<br \/>\n<a href=\"https:\/\/stacc.ee\/wp-content\/uploads\/2020\/05\/STACC-onepager-EE.pdf\" target=\"_blank\" rel=\"noopener noreferrer\"><img loading=\"lazy\" decoding=\"async\" class=\"alignnone wp-image-8439 size-medium\" src=\"https:\/\/stacc.ee\/wp-content\/uploads\/2020\/05\/Onepager-EST-1-page-001-214x300.jpg\" alt=\"STACC andmeteaduse ettev\u00f5te\" width=\"214\" height=\"300\" srcset=\"https:\/\/stacc.ee\/wp-content\/uploads\/2020\/05\/Onepager-EST-1-page-001-214x300.jpg 214w, https:\/\/stacc.ee\/wp-content\/uploads\/2020\/05\/Onepager-EST-1-page-001-730x1024.jpg 730w, https:\/\/stacc.ee\/wp-content\/uploads\/2020\/05\/Onepager-EST-1-page-001-768x1077.jpg 768w, https:\/\/stacc.ee\/wp-content\/uploads\/2020\/05\/Onepager-EST-1-page-001-1095x1536.jpg 1095w, https:\/\/stacc.ee\/wp-content\/uploads\/2020\/05\/Onepager-EST-1-page-001-1460x2048.jpg 1460w, https:\/\/stacc.ee\/wp-content\/uploads\/2020\/05\/Onepager-EST-1-page-001.jpg 1819w\" sizes=\"(max-width: 214px) 100vw, 214px\" \/><\/a> &nbsp; &nbsp; <a href=\"https:\/\/stacc.ee\/wp-content\/uploads\/2020\/05\/STACC-onepager-EN.pdf\" target=\"_blank\" rel=\"noopener noreferrer\"><img loading=\"lazy\" decoding=\"async\" class=\"alignnone wp-image-8438 size-medium\" src=\"https:\/\/stacc.ee\/wp-content\/uploads\/2020\/05\/Onepager-ENG-1-page-001-214x300.jpg\" alt=\"STACC data science company\" width=\"214\" height=\"300\" srcset=\"https:\/\/stacc.ee\/wp-content\/uploads\/2020\/05\/Onepager-ENG-1-page-001-214x300.jpg 214w, https:\/\/stacc.ee\/wp-content\/uploads\/2020\/05\/Onepager-ENG-1-page-001-730x1024.jpg 730w, https:\/\/stacc.ee\/wp-content\/uploads\/2020\/05\/Onepager-ENG-1-page-001-768x1077.jpg 768w, https:\/\/stacc.ee\/wp-content\/uploads\/2020\/05\/Onepager-ENG-1-page-001-1095x1536.jpg 1095w, https:\/\/stacc.ee\/wp-content\/uploads\/2020\/05\/Onepager-ENG-1-page-001-1460x2048.jpg 1460w, https:\/\/stacc.ee\/wp-content\/uploads\/2020\/05\/Onepager-ENG-1-page-001.jpg 1819w\" sizes=\"(max-width: 214px) 100vw, 214px\" \/> &nbsp; &nbsp; <\/a><a href=\"https:\/\/stacc.ee\/wp-content\/uploads\/2020\/05\/STACC-volditav-lennuk-compressed.pdf\" target=\"_blank\" rel=\"noopener noreferrer\"><img loading=\"lazy\" decoding=\"async\" class=\"alignnone wp-image-8461 size-medium\" src=\"https:\/\/stacc.ee\/wp-content\/uploads\/2020\/05\/STACC-paberlennuk-214x300.jpg\" alt=\"\" width=\"214\" height=\"300\" srcset=\"https:\/\/stacc.ee\/wp-content\/uploads\/2020\/05\/STACC-paberlennuk-214x300.jpg 214w, https:\/\/stacc.ee\/wp-content\/uploads\/2020\/05\/STACC-paberlennuk.jpg 649w\" sizes=\"(max-width: 214px) 100vw, 214px\" \/><\/a><\/p>\n<p>Vaata kindlasti ka meie videosid \u2013 \u00fcks neist annab hea \u00fclevaate andmeteaduse v\u00f5imalustest ja STACCist ning teine \u00fchest t\u00f5husast anal\u00fc\u00fctikalahendusest, mida eesk\u00e4tt e-kaubanduse kontekstis kaaluda v\u00f5iks.<\/p>\n<p><iframe src=\"\/\/www.youtube.com\/embed\/nUOKX1et_jc\" width=\"400\" height=\"224\" allowfullscreen=\"allowfullscreen\" data-mce-fragment=\"1\"><\/iframe>&nbsp; &nbsp; <iframe src=\"\/\/www.youtube.com\/embed\/kYiwlK4bkuc?feature=emb_logo\" width=\"400\" height=\"224\" allowfullscreen=\"allowfullscreen\" data-mce-fragment=\"1\"><\/iframe><\/p>\n","protected":false},"excerpt":{"rendered":"<p>STACCi nime ja tunnusgraafika autori\u00f5igused kuuluvad STACCile. Kui soovid meie materjale kasutada, palun lepi eelnevalt kokku&nbsp;monika.oun@stacc.flywheelstaging.com &nbsp;&nbsp; &nbsp; &nbsp; &nbsp; Kujundusfailid saad alla laadida: Instructions for using colors, logo and font STACC logo (must) STACC logo (valge) STACC logo (v\u00e4rviline) STACC logo &amp; slogan (v\u00e4rviline) Oleme koostanud ka jaotusmaterjale, mille abil STACCist selgem pilt anda.<\/p>\n","protected":false},"author":16,"featured_media":0,"parent":0,"menu_order":0,"comment_status":"closed","ping_status":"closed","template":"leht_alam_menu.php","meta":{"footnotes":""},"class_list":["post-10664","page","type-page","status-publish","hentry"],"yoast_head":"<!-- This site is optimized with the Yoast SEO plugin v27.4 - https:\/\/yoast.com\/product\/yoast-seo-wordpress\/ -->\n<title>STACCi jaotus- ja turundusmaterjalid -<\/title>\n<meta name=\"description\" content=\"Kui hindate meie koost\u00f6\u00f6d ja soovite sellele t\u00e4helepanu juhtida, leiate meie br\u00e4ndimaterjalide lehelt STACCi logod ja muu vajaliku materjali.\" \/>\n<meta name=\"robots\" content=\"index, follow, max-snippet:-1, max-image-preview:large, max-video-preview:-1\" \/>\n<link rel=\"canonical\" href=\"https:\/\/stacc.ee\/et\/cvi\/\" \/>\n<meta property=\"og:locale\" content=\"et_EE\" \/>\n<meta property=\"og:type\" content=\"article\" \/>\n<meta property=\"og:title\" content=\"STACCi jaotus- ja turundusmaterjalid -\" \/>\n<meta property=\"og:description\" content=\"Kui hindate meie koost\u00f6\u00f6d ja soovite sellele t\u00e4helepanu juhtida, leiate meie br\u00e4ndimaterjalide lehelt STACCi logod ja muu vajaliku materjali.\" \/>\n<meta property=\"og:url\" content=\"https:\/\/stacc.ee\/et\/cvi\/\" \/>\n<meta property=\"og:site_name\" content=\"STACC\" \/>\n<meta property=\"article:publisher\" content=\"https:\/\/www.facebook.com\/staccest\" \/>\n<meta property=\"article:modified_time\" content=\"2021-10-06T17:49:10+00:00\" \/>\n<meta property=\"og:image\" content=\"https:\/\/stacc.ee\/wp-content\/uploads\/2020\/05\/STACC_logo-va\u0308rviline-300x155.png\" \/>\n<meta name=\"twitter:card\" content=\"summary_large_image\" \/>\n<meta name=\"twitter:site\" content=\"@staccest1\" \/>\n<meta name=\"twitter:label1\" content=\"Est. reading time\" \/>\n\t<meta name=\"twitter:data1\" content=\"2 minutit\" \/>\n<script type=\"application\/ld+json\" class=\"yoast-schema-graph\">{\"@context\":\"https:\\\/\\\/schema.org\",\"@graph\":[{\"@type\":\"WebPage\",\"@id\":\"https:\\\/\\\/stacc.ee\\\/et\\\/cvi\\\/\",\"url\":\"https:\\\/\\\/stacc.ee\\\/et\\\/cvi\\\/\",\"name\":\"STACCi jaotus- ja turundusmaterjalid -\",\"isPartOf\":{\"@id\":\"https:\\\/\\\/stacc.ee\\\/et\\\/#website\"},\"primaryImageOfPage\":{\"@id\":\"https:\\\/\\\/stacc.ee\\\/et\\\/cvi\\\/#primaryimage\"},\"image\":{\"@id\":\"https:\\\/\\\/stacc.ee\\\/et\\\/cvi\\\/#primaryimage\"},\"thumbnailUrl\":\"https:\\\/\\\/stacc.ee\\\/wp-content\\\/uploads\\\/2020\\\/05\\\/STACC_logo-must-300x155.png\",\"datePublished\":\"2020-05-25T13:12:47+00:00\",\"dateModified\":\"2021-10-06T17:49:10+00:00\",\"description\":\"Kui hindate meie koost\u00f6\u00f6d ja soovite sellele t\u00e4helepanu juhtida, leiate meie br\u00e4ndimaterjalide lehelt STACCi logod ja muu vajaliku materjali.\",\"breadcrumb\":{\"@id\":\"https:\\\/\\\/stacc.ee\\\/et\\\/cvi\\\/#breadcrumb\"},\"inLanguage\":\"et\",\"potentialAction\":[{\"@type\":\"ReadAction\",\"target\":[\"https:\\\/\\\/stacc.ee\\\/et\\\/cvi\\\/\"]}]},{\"@type\":\"ImageObject\",\"inLanguage\":\"et\",\"@id\":\"https:\\\/\\\/stacc.ee\\\/et\\\/cvi\\\/#primaryimage\",\"url\":\"https:\\\/\\\/stacc.ee\\\/wp-content\\\/uploads\\\/2020\\\/05\\\/STACC_logo-must-300x155.png\",\"contentUrl\":\"https:\\\/\\\/stacc.ee\\\/wp-content\\\/uploads\\\/2020\\\/05\\\/STACC_logo-must-300x155.png\"},{\"@type\":\"BreadcrumbList\",\"@id\":\"https:\\\/\\\/stacc.ee\\\/et\\\/cvi\\\/#breadcrumb\",\"itemListElement\":[{\"@type\":\"ListItem\",\"position\":1,\"name\":\"Avaleht\",\"item\":\"https:\\\/\\\/stacc.ee\\\/et\\\/\"},{\"@type\":\"ListItem\",\"position\":2,\"name\":\"Jaotus- ja turundusmaterjalid\"}]},{\"@type\":\"WebSite\",\"@id\":\"https:\\\/\\\/stacc.ee\\\/et\\\/#website\",\"url\":\"https:\\\/\\\/stacc.ee\\\/et\\\/\",\"name\":\"STACC\",\"description\":\"Juhtiv masin\u00f5ppe ja andmeteaduse ettev\u00f5te\",\"publisher\":{\"@id\":\"https:\\\/\\\/stacc.ee\\\/et\\\/#organization\"},\"potentialAction\":[{\"@type\":\"SearchAction\",\"target\":{\"@type\":\"EntryPoint\",\"urlTemplate\":\"https:\\\/\\\/stacc.ee\\\/et\\\/?s={search_term_string}\"},\"query-input\":{\"@type\":\"PropertyValueSpecification\",\"valueRequired\":true,\"valueName\":\"search_term_string\"}}],\"inLanguage\":\"et\"},{\"@type\":\"Organization\",\"@id\":\"https:\\\/\\\/stacc.ee\\\/et\\\/#organization\",\"name\":\"STACC\",\"url\":\"https:\\\/\\\/stacc.ee\\\/et\\\/\",\"logo\":{\"@type\":\"ImageObject\",\"inLanguage\":\"et\",\"@id\":\"https:\\\/\\\/stacc.ee\\\/et\\\/#\\\/schema\\\/logo\\\/image\\\/\",\"url\":\"https:\\\/\\\/stacc.ee\\\/wp-content\\\/uploads\\\/2021\\\/09\\\/stacc.jpg\",\"contentUrl\":\"https:\\\/\\\/stacc.ee\\\/wp-content\\\/uploads\\\/2021\\\/09\\\/stacc.jpg\",\"width\":176,\"height\":176,\"caption\":\"STACC\"},\"image\":{\"@id\":\"https:\\\/\\\/stacc.ee\\\/et\\\/#\\\/schema\\\/logo\\\/image\\\/\"},\"sameAs\":[\"https:\\\/\\\/www.facebook.com\\\/staccest\",\"https:\\\/\\\/x.com\\\/staccest1\",\"https:\\\/\\\/www.instagram.com\\\/staccest\\\/\",\"https:\\\/\\\/ee.linkedin.com\\\/company\\\/staccest\",\"https:\\\/\\\/www.youtube.com\\\/channel\\\/UCnn59bCz9vSM3lC0S9j6Ccw\"]}]}<\/script>\n<!-- \/ Yoast SEO plugin. -->","yoast_head_json":{"title":"STACCi jaotus- ja turundusmaterjalid -","description":"Kui hindate meie koost\u00f6\u00f6d ja soovite sellele t\u00e4helepanu juhtida, leiate meie br\u00e4ndimaterjalide lehelt STACCi logod ja muu vajaliku materjali.","robots":{"index":"index","follow":"follow","max-snippet":"max-snippet:-1","max-image-preview":"max-image-preview:large","max-video-preview":"max-video-preview:-1"},"canonical":"https:\/\/stacc.ee\/et\/cvi\/","og_locale":"et_EE","og_type":"article","og_title":"STACCi jaotus- ja turundusmaterjalid -","og_description":"Kui hindate meie koost\u00f6\u00f6d ja soovite sellele t\u00e4helepanu juhtida, leiate meie br\u00e4ndimaterjalide lehelt STACCi logod ja muu vajaliku materjali.","og_url":"https:\/\/stacc.ee\/et\/cvi\/","og_site_name":"STACC","article_publisher":"https:\/\/www.facebook.com\/staccest","article_modified_time":"2021-10-06T17:49:10+00:00","og_image":[{"url":"https:\/\/stacc.ee\/wp-content\/uploads\/2020\/05\/STACC_logo-va\u0308rviline-300x155.png","type":"","width":"","height":""}],"twitter_card":"summary_large_image","twitter_site":"@staccest1","twitter_misc":{"Est. reading time":"2 minutit"},"schema":{"@context":"https:\/\/schema.org","@graph":[{"@type":"WebPage","@id":"https:\/\/stacc.ee\/et\/cvi\/","url":"https:\/\/stacc.ee\/et\/cvi\/","name":"STACCi jaotus- ja turundusmaterjalid -","isPartOf":{"@id":"https:\/\/stacc.ee\/et\/#website"},"primaryImageOfPage":{"@id":"https:\/\/stacc.ee\/et\/cvi\/#primaryimage"},"image":{"@id":"https:\/\/stacc.ee\/et\/cvi\/#primaryimage"},"thumbnailUrl":"https:\/\/stacc.ee\/wp-content\/uploads\/2020\/05\/STACC_logo-must-300x155.png","datePublished":"2020-05-25T13:12:47+00:00","dateModified":"2021-10-06T17:49:10+00:00","description":"Kui hindate meie koost\u00f6\u00f6d ja soovite sellele t\u00e4helepanu juhtida, leiate meie br\u00e4ndimaterjalide lehelt STACCi logod ja muu vajaliku materjali.","breadcrumb":{"@id":"https:\/\/stacc.ee\/et\/cvi\/#breadcrumb"},"inLanguage":"et","potentialAction":[{"@type":"ReadAction","target":["https:\/\/stacc.ee\/et\/cvi\/"]}]},{"@type":"ImageObject","inLanguage":"et","@id":"https:\/\/stacc.ee\/et\/cvi\/#primaryimage","url":"https:\/\/stacc.ee\/wp-content\/uploads\/2020\/05\/STACC_logo-must-300x155.png","contentUrl":"https:\/\/stacc.ee\/wp-content\/uploads\/2020\/05\/STACC_logo-must-300x155.png"},{"@type":"BreadcrumbList","@id":"https:\/\/stacc.ee\/et\/cvi\/#breadcrumb","itemListElement":[{"@type":"ListItem","position":1,"name":"Avaleht","item":"https:\/\/stacc.ee\/et\/"},{"@type":"ListItem","position":2,"name":"Jaotus- ja turundusmaterjalid"}]},{"@type":"WebSite","@id":"https:\/\/stacc.ee\/et\/#website","url":"https:\/\/stacc.ee\/et\/","name":"STACC","description":"Juhtiv masin\u00f5ppe ja andmeteaduse ettev\u00f5te","publisher":{"@id":"https:\/\/stacc.ee\/et\/#organization"},"potentialAction":[{"@type":"SearchAction","target":{"@type":"EntryPoint","urlTemplate":"https:\/\/stacc.ee\/et\/?s={search_term_string}"},"query-input":{"@type":"PropertyValueSpecification","valueRequired":true,"valueName":"search_term_string"}}],"inLanguage":"et"},{"@type":"Organization","@id":"https:\/\/stacc.ee\/et\/#organization","name":"STACC","url":"https:\/\/stacc.ee\/et\/","logo":{"@type":"ImageObject","inLanguage":"et","@id":"https:\/\/stacc.ee\/et\/#\/schema\/logo\/image\/","url":"https:\/\/stacc.ee\/wp-content\/uploads\/2021\/09\/stacc.jpg","contentUrl":"https:\/\/stacc.ee\/wp-content\/uploads\/2021\/09\/stacc.jpg","width":176,"height":176,"caption":"STACC"},"image":{"@id":"https:\/\/stacc.ee\/et\/#\/schema\/logo\/image\/"},"sameAs":["https:\/\/www.facebook.com\/staccest","https:\/\/x.com\/staccest1","https:\/\/www.instagram.com\/staccest\/","https:\/\/ee.linkedin.com\/company\/staccest","https:\/\/www.youtube.com\/channel\/UCnn59bCz9vSM3lC0S9j6Ccw"]}]}},"_links":{"self":[{"href":"https:\/\/stacc.ee\/et\/wp-json\/wp\/v2\/pages\/10664","targetHints":{"allow":["GET"]}}],"collection":[{"href":"https:\/\/stacc.ee\/et\/wp-json\/wp\/v2\/pages"}],"about":[{"href":"https:\/\/stacc.ee\/et\/wp-json\/wp\/v2\/types\/page"}],"author":[{"embeddable":true,"href":"https:\/\/stacc.ee\/et\/wp-json\/wp\/v2\/users\/16"}],"replies":[{"embeddable":true,"href":"https:\/\/stacc.ee\/et\/wp-json\/wp\/v2\/comments?post=10664"}],"version-history":[{"count":0,"href":"https:\/\/stacc.ee\/et\/wp-json\/wp\/v2\/pages\/10664\/revisions"}],"wp:attachment":[{"href":"https:\/\/stacc.ee\/et\/wp-json\/wp\/v2\/media?parent=10664"}],"curies":[{"name":"wp","href":"https:\/\/api.w.org\/{rel}","templated":true}]}}