{"id":10686,"date":"2021-08-20T19:14:31","date_gmt":"2021-08-20T19:14:31","guid":{"rendered":"https:\/\/stacczero.local\/our-work\/"},"modified":"2025-04-22T23:58:05","modified_gmt":"2025-04-22T23:58:05","slug":"meie-too","status":"publish","type":"page","link":"https:\/\/stacc.ee\/et\/meie-too\/","title":{"rendered":"Meie t\u00f6\u00f6d"},"content":{"rendered":"\n<div class=\"wp-block-cover hero\" style=\"min-height:260px;aspect-ratio:unset;\"><span aria-hidden=\"true\" class=\"wp-block-cover__background has-brand-dark-green-background-color has-background-dim-80 has-background-dim\"><\/span><img decoding=\"async\" class=\"wp-block-cover__image-background wp-image-10510\" alt=\"\" src=\"https:\/\/stacc.ee\/wp-content\/uploads\/2021\/10\/Stacc_joppcreative-6239-min-scaled.jpg\" data-object-fit=\"cover\"\/><div class=\"wp-block-cover__inner-container is-layout-flow wp-block-cover-is-layout-flow\">\n<div style=\"height:20px\" aria-hidden=\"true\" class=\"wp-block-spacer\"><\/div>\n\n\n\n<div class=\"wp-block-columns is-layout-flex wp-container-core-columns-is-layout-9d6595d7 wp-block-columns-is-layout-flex\">\n<div class=\"wp-block-column is-layout-flow wp-block-column-is-layout-flow\" style=\"flex-basis:50%\">\n<h1 class=\"wp-block-heading has-brand-bright-yellow-color has-text-color\" style=\"font-size:170px\">200+<\/h1>\n\n\n\n<p class=\"has-brand-bright-yellow-color has-text-color\">edukat projekti rohkem kui 15 aasta jooksul<\/p>\n\n\n\n<p class=\"has-medium-font-size\">Meie andmeteadlased, insenerid ja anal\u00fc\u00fctikud on juba \u00fcle viietestk\u00fcmne aasta aidanud meie klientidel tuvastada arvukalt andmep\u00f5hiseid v\u00f5imalusi \u00e4riprobleemide lahendamiseks.<\/p>\n\n\n\n<div class=\"wp-block-buttons is-layout-flex wp-block-buttons-is-layout-flex\">\n<div class=\"wp-block-button is-style-outline is-style-outline--1\"><a class=\"wp-block-button__link wp-element-button\" href=\"https:\/\/stacc.ee\/et\/kontakt\/\">V\u00f5ta \u00fchendust<\/a><\/div>\n<\/div>\n<\/div>\n\n\n\n<div class=\"wp-block-column is-layout-flow wp-block-column-is-layout-flow\" style=\"flex-basis:50%\">\n<div style=\"height:60px\" aria-hidden=\"true\" class=\"wp-block-spacer\"><\/div>\n<\/div>\n<\/div>\n\n\n\n<div style=\"height:20px\" aria-hidden=\"true\" class=\"wp-block-spacer\"><\/div>\n\n\n\n<div style=\"height:50px\" aria-hidden=\"true\" class=\"wp-block-spacer\"><\/div>\n<\/div><\/div>\n\n\n\n<div class=\"wp-block-cover is-light\"><span aria-hidden=\"true\" class=\"wp-block-cover__background has-brand-light-grey-background-color has-background-dim-100 has-background-dim\"><\/span><div class=\"wp-block-cover__inner-container is-layout-flow wp-block-cover-is-layout-flow\">\n<div class=\"wp-block-query is-layout-flow wp-block-query-is-layout-flow\"><ul class=\"columns-3 wp-block-post-template is-layout-grid wp-container-core-post-template-is-layout-2fc57c17 wp-block-post-template-is-layout-grid\"><li class=\"wp-block-post post-22016 project type-project status-publish has-post-thumbnail hentry\">\n<figure class=\"scrollFade wp-block-post-featured-image\"><a href=\"https:\/\/stacc.ee\/et\/meie-tood\/salli\/\" target=\"_self\"  ><img fetchpriority=\"high\" decoding=\"async\" width=\"1200\" height=\"630\" src=\"https:\/\/stacc.ee\/wp-content\/uploads\/2023\/05\/Muinsuskaitseamet-Salli_CROP-e1683122740596.png\" class=\"attachment-post-thumbnail size-post-thumbnail wp-post-image\" alt=\"S\u00e4lli\" style=\"object-fit:cover;\" \/><\/a><\/figure>\n\n<div class=\"wp-block-post-date\"><time datetime=\"2023-05-03T13:57:25+03:00\">3. mai 2023<\/time><\/div>\n\n<h2 class=\"wp-block-post-title has-text-color has-brand-brown-color\"><a href=\"https:\/\/stacc.ee\/et\/meie-tood\/salli\/\" target=\"_self\" rel=\"https:\/\/stacc.ee\/et\/kuidas-aitas-stacc-muinsuskaitseametil-tehisintellekti-kasutades-museaalide-sailivust-hinnata\/\">S\u00e4lli<\/a><\/h2>\n\n<div class=\"wp-block-post-excerpt has-text-color has-brand-dark-green-color\"><p class=\"wp-block-post-excerpt__excerpt\">Muutsime Muinsuskaitseameti museaalide inventuurid mugavamaks ja kiiremaks. <\/p><\/div>\n<\/li><li class=\"wp-block-post post-21979 project type-project status-publish has-post-thumbnail hentry\">\n<figure class=\"scrollFade wp-block-post-featured-image\"><a href=\"https:\/\/stacc.ee\/et\/meie-tood\/folli\/\" target=\"_self\"  ><img decoding=\"async\" width=\"1219\" height=\"813\" src=\"https:\/\/stacc.ee\/wp-content\/uploads\/2023\/01\/zeppelinid-e1683121185872.png\" class=\"attachment-post-thumbnail size-post-thumbnail wp-post-image\" alt=\"Folli\" style=\"object-fit:cover;\" srcset=\"https:\/\/stacc.ee\/wp-content\/uploads\/2023\/01\/zeppelinid-e1683121185872.png 1219w, https:\/\/stacc.ee\/wp-content\/uploads\/2023\/01\/zeppelinid-e1683121185872-300x200.png 300w, https:\/\/stacc.ee\/wp-content\/uploads\/2023\/01\/zeppelinid-e1683121185872-1024x683.png 1024w, https:\/\/stacc.ee\/wp-content\/uploads\/2023\/01\/zeppelinid-e1683121185872-768x512.png 768w\" sizes=\"(max-width: 1219px) 100vw, 1219px\" \/><\/a><\/figure>\n\n<div class=\"wp-block-post-date\"><time datetime=\"2023-05-03T12:54:13+03:00\">3. mai 2023<\/time><\/div>\n\n<h2 class=\"wp-block-post-title has-text-color has-brand-brown-color\"><a href=\"https:\/\/stacc.ee\/et\/meie-tood\/folli\/\" target=\"_self\" rel=\"https:\/\/stacc.ee\/et\/kuidas-aitas-stacc-muinsuskaitseametil-tehisintellekti-kasutades-museaalide-sailivust-hinnata\/\">Folli<\/a><\/h2>\n\n<div class=\"wp-block-post-excerpt has-text-color has-brand-dark-green-color\"><p class=\"wp-block-post-excerpt__excerpt\">Automatiseerisime Muinsuskaitseametile digitaalsete objektide kirjeldamist pildituvastustehnoloogiate abil. <\/p><\/div>\n<\/li><li class=\"wp-block-post post-11557 project type-project status-publish has-post-thumbnail hentry category-news\">\n<figure class=\"scrollFade wp-block-post-featured-image\"><a href=\"https:\/\/stacc.ee\/et\/meie-tood\/lapponica\/\" target=\"_self\"  ><img decoding=\"async\" width=\"405\" height=\"270\" src=\"https:\/\/stacc.ee\/wp-content\/uploads\/2021\/11\/lapponica.png\" class=\"attachment-post-thumbnail size-post-thumbnail wp-post-image\" alt=\"Lapponica\" style=\"object-fit:cover;\" srcset=\"https:\/\/stacc.ee\/wp-content\/uploads\/2021\/11\/lapponica.png 405w, https:\/\/stacc.ee\/wp-content\/uploads\/2021\/11\/lapponica-300x200.png 300w\" sizes=\"(max-width: 405px) 100vw, 405px\" \/><\/a><\/figure>\n\n<div class=\"wp-block-post-date\"><time datetime=\"2021-11-09T08:59:41+02:00\">9. nov. 2021<\/time><\/div>\n\n<h2 class=\"wp-block-post-title has-text-color has-brand-brown-color\"><a href=\"https:\/\/stacc.ee\/et\/meie-tood\/lapponica\/\" target=\"_self\" rel=\"https:\/\/stacc.ee\/et\/kuidas-aitas-stacc-muinsuskaitseametil-tehisintellekti-kasutades-museaalide-sailivust-hinnata\/\">Lapponica<\/a><\/h2>\n\n<div class=\"wp-block-post-excerpt has-text-color has-brand-dark-green-color\"><p class=\"wp-block-post-excerpt__excerpt\">T\u00f6\u00f6tasime koos Lapponicaga v\u00e4lja v\u00f5imeka\u00a0linnulaulude tuvastamise rakenduse. <\/p><\/div>\n<\/li><\/ul><\/div>\n\n\n\n<p><\/p>\n<\/div><\/div>\n","protected":false},"excerpt":{"rendered":"","protected":false},"author":1,"featured_media":0,"parent":0,"menu_order":0,"comment_status":"closed","ping_status":"closed","template":"page-templates\/empty.php","meta":{"footnotes":""},"class_list":["post-10686","page","type-page","status-publish","hentry"],"yoast_head":"<!-- This site is optimized with the Yoast SEO plugin v27.4 - https:\/\/yoast.com\/product\/yoast-seo-wordpress\/ -->\n<title>Meie t\u00f6\u00f6d - STACC<\/title>\n<meta name=\"description\" content=\"Lisateave STACCi projektide kohta. STACC on \u00fcle 10 aasta jooksul ellu viinud rohkem kui 95 edukat projekti.\" \/>\n<meta name=\"robots\" content=\"index, follow, max-snippet:-1, max-image-preview:large, max-video-preview:-1\" \/>\n<link rel=\"canonical\" href=\"https:\/\/stacc.ee\/et\/meie-too\/\" \/>\n<meta property=\"og:locale\" content=\"et_EE\" \/>\n<meta property=\"og:type\" content=\"article\" \/>\n<meta property=\"og:title\" content=\"Meie t\u00f6\u00f6d - STACC\" \/>\n<meta property=\"og:description\" content=\"Lisateave STACCi projektide kohta. STACC on \u00fcle 10 aasta jooksul ellu viinud rohkem kui 95 edukat projekti.\" \/>\n<meta property=\"og:url\" content=\"https:\/\/stacc.ee\/et\/meie-too\/\" \/>\n<meta property=\"og:site_name\" content=\"STACC\" \/>\n<meta property=\"article:publisher\" content=\"https:\/\/www.facebook.com\/staccest\" \/>\n<meta property=\"article:modified_time\" content=\"2025-04-22T23:58:05+00:00\" \/>\n<meta property=\"og:image\" content=\"https:\/\/stacc.ee\/wp-content\/uploads\/2021\/10\/Stacc_joppcreative-6239-min-scaled.jpg\" \/>\n\t<meta property=\"og:image:width\" content=\"1\" \/>\n\t<meta property=\"og:image:height\" content=\"1\" \/>\n\t<meta property=\"og:image:type\" content=\"image\/jpeg\" \/>\n<meta name=\"twitter:card\" content=\"summary_large_image\" \/>\n<meta name=\"twitter:site\" content=\"@staccest1\" \/>\n<meta name=\"twitter:label1\" content=\"Est. reading time\" \/>\n\t<meta name=\"twitter:data1\" content=\"1 minut\" \/>\n<script type=\"application\/ld+json\" class=\"yoast-schema-graph\">{\"@context\":\"https:\\\/\\\/schema.org\",\"@graph\":[{\"@type\":\"WebPage\",\"@id\":\"https:\\\/\\\/stacc.ee\\\/et\\\/meie-too\\\/\",\"url\":\"https:\\\/\\\/stacc.ee\\\/et\\\/meie-too\\\/\",\"name\":\"Meie t\u00f6\u00f6d - STACC\",\"isPartOf\":{\"@id\":\"https:\\\/\\\/stacc.ee\\\/et\\\/#website\"},\"primaryImageOfPage\":{\"@id\":\"https:\\\/\\\/stacc.ee\\\/et\\\/meie-too\\\/#primaryimage\"},\"image\":{\"@id\":\"https:\\\/\\\/stacc.ee\\\/et\\\/meie-too\\\/#primaryimage\"},\"thumbnailUrl\":\"https:\\\/\\\/stacc.ee\\\/wp-content\\\/uploads\\\/2021\\\/10\\\/Stacc_joppcreative-6239-min-scaled.jpg\",\"datePublished\":\"2021-08-20T19:14:31+00:00\",\"dateModified\":\"2025-04-22T23:58:05+00:00\",\"description\":\"Lisateave STACCi projektide kohta. STACC on \u00fcle 10 aasta jooksul ellu viinud rohkem kui 95 edukat projekti.\",\"breadcrumb\":{\"@id\":\"https:\\\/\\\/stacc.ee\\\/et\\\/meie-too\\\/#breadcrumb\"},\"inLanguage\":\"et\",\"potentialAction\":[{\"@type\":\"ReadAction\",\"target\":[\"https:\\\/\\\/stacc.ee\\\/et\\\/meie-too\\\/\"]}]},{\"@type\":\"ImageObject\",\"inLanguage\":\"et\",\"@id\":\"https:\\\/\\\/stacc.ee\\\/et\\\/meie-too\\\/#primaryimage\",\"url\":\"https:\\\/\\\/stacc.ee\\\/wp-content\\\/uploads\\\/2021\\\/10\\\/Stacc_joppcreative-6239-min-scaled.jpg\",\"contentUrl\":\"https:\\\/\\\/stacc.ee\\\/wp-content\\\/uploads\\\/2021\\\/10\\\/Stacc_joppcreative-6239-min-scaled.jpg\"},{\"@type\":\"BreadcrumbList\",\"@id\":\"https:\\\/\\\/stacc.ee\\\/et\\\/meie-too\\\/#breadcrumb\",\"itemListElement\":[{\"@type\":\"ListItem\",\"position\":1,\"name\":\"Avaleht\",\"item\":\"https:\\\/\\\/stacc.ee\\\/et\\\/\"},{\"@type\":\"ListItem\",\"position\":2,\"name\":\"Meie t\u00f6\u00f6d\"}]},{\"@type\":\"WebSite\",\"@id\":\"https:\\\/\\\/stacc.ee\\\/et\\\/#website\",\"url\":\"https:\\\/\\\/stacc.ee\\\/et\\\/\",\"name\":\"STACC\",\"description\":\"Juhtiv masin\u00f5ppe ja andmeteaduse ettev\u00f5te\",\"publisher\":{\"@id\":\"https:\\\/\\\/stacc.ee\\\/et\\\/#organization\"},\"potentialAction\":[{\"@type\":\"SearchAction\",\"target\":{\"@type\":\"EntryPoint\",\"urlTemplate\":\"https:\\\/\\\/stacc.ee\\\/et\\\/?s={search_term_string}\"},\"query-input\":{\"@type\":\"PropertyValueSpecification\",\"valueRequired\":true,\"valueName\":\"search_term_string\"}}],\"inLanguage\":\"et\"},{\"@type\":\"Organization\",\"@id\":\"https:\\\/\\\/stacc.ee\\\/et\\\/#organization\",\"name\":\"STACC\",\"url\":\"https:\\\/\\\/stacc.ee\\\/et\\\/\",\"logo\":{\"@type\":\"ImageObject\",\"inLanguage\":\"et\",\"@id\":\"https:\\\/\\\/stacc.ee\\\/et\\\/#\\\/schema\\\/logo\\\/image\\\/\",\"url\":\"https:\\\/\\\/stacc.ee\\\/wp-content\\\/uploads\\\/2021\\\/09\\\/stacc.jpg\",\"contentUrl\":\"https:\\\/\\\/stacc.ee\\\/wp-content\\\/uploads\\\/2021\\\/09\\\/stacc.jpg\",\"width\":176,\"height\":176,\"caption\":\"STACC\"},\"image\":{\"@id\":\"https:\\\/\\\/stacc.ee\\\/et\\\/#\\\/schema\\\/logo\\\/image\\\/\"},\"sameAs\":[\"https:\\\/\\\/www.facebook.com\\\/staccest\",\"https:\\\/\\\/x.com\\\/staccest1\",\"https:\\\/\\\/www.instagram.com\\\/staccest\\\/\",\"https:\\\/\\\/ee.linkedin.com\\\/company\\\/staccest\",\"https:\\\/\\\/www.youtube.com\\\/channel\\\/UCnn59bCz9vSM3lC0S9j6Ccw\"]}]}<\/script>\n<!-- \/ Yoast SEO plugin. -->","yoast_head_json":{"title":"Meie t\u00f6\u00f6d - STACC","description":"Lisateave STACCi projektide kohta. STACC on \u00fcle 10 aasta jooksul ellu viinud rohkem kui 95 edukat projekti.","robots":{"index":"index","follow":"follow","max-snippet":"max-snippet:-1","max-image-preview":"max-image-preview:large","max-video-preview":"max-video-preview:-1"},"canonical":"https:\/\/stacc.ee\/et\/meie-too\/","og_locale":"et_EE","og_type":"article","og_title":"Meie t\u00f6\u00f6d - STACC","og_description":"Lisateave STACCi projektide kohta. STACC on \u00fcle 10 aasta jooksul ellu viinud rohkem kui 95 edukat projekti.","og_url":"https:\/\/stacc.ee\/et\/meie-too\/","og_site_name":"STACC","article_publisher":"https:\/\/www.facebook.com\/staccest","article_modified_time":"2025-04-22T23:58:05+00:00","og_image":[{"url":"https:\/\/stacc.ee\/wp-content\/uploads\/2021\/10\/Stacc_joppcreative-6239-min-scaled.jpg","width":1,"height":1,"type":"image\/jpeg"}],"twitter_card":"summary_large_image","twitter_site":"@staccest1","twitter_misc":{"Est. reading time":"1 minut"},"schema":{"@context":"https:\/\/schema.org","@graph":[{"@type":"WebPage","@id":"https:\/\/stacc.ee\/et\/meie-too\/","url":"https:\/\/stacc.ee\/et\/meie-too\/","name":"Meie t\u00f6\u00f6d - STACC","isPartOf":{"@id":"https:\/\/stacc.ee\/et\/#website"},"primaryImageOfPage":{"@id":"https:\/\/stacc.ee\/et\/meie-too\/#primaryimage"},"image":{"@id":"https:\/\/stacc.ee\/et\/meie-too\/#primaryimage"},"thumbnailUrl":"https:\/\/stacc.ee\/wp-content\/uploads\/2021\/10\/Stacc_joppcreative-6239-min-scaled.jpg","datePublished":"2021-08-20T19:14:31+00:00","dateModified":"2025-04-22T23:58:05+00:00","description":"Lisateave STACCi projektide kohta. STACC on \u00fcle 10 aasta jooksul ellu viinud rohkem kui 95 edukat projekti.","breadcrumb":{"@id":"https:\/\/stacc.ee\/et\/meie-too\/#breadcrumb"},"inLanguage":"et","potentialAction":[{"@type":"ReadAction","target":["https:\/\/stacc.ee\/et\/meie-too\/"]}]},{"@type":"ImageObject","inLanguage":"et","@id":"https:\/\/stacc.ee\/et\/meie-too\/#primaryimage","url":"https:\/\/stacc.ee\/wp-content\/uploads\/2021\/10\/Stacc_joppcreative-6239-min-scaled.jpg","contentUrl":"https:\/\/stacc.ee\/wp-content\/uploads\/2021\/10\/Stacc_joppcreative-6239-min-scaled.jpg"},{"@type":"BreadcrumbList","@id":"https:\/\/stacc.ee\/et\/meie-too\/#breadcrumb","itemListElement":[{"@type":"ListItem","position":1,"name":"Avaleht","item":"https:\/\/stacc.ee\/et\/"},{"@type":"ListItem","position":2,"name":"Meie t\u00f6\u00f6d"}]},{"@type":"WebSite","@id":"https:\/\/stacc.ee\/et\/#website","url":"https:\/\/stacc.ee\/et\/","name":"STACC","description":"Juhtiv masin\u00f5ppe ja andmeteaduse ettev\u00f5te","publisher":{"@id":"https:\/\/stacc.ee\/et\/#organization"},"potentialAction":[{"@type":"SearchAction","target":{"@type":"EntryPoint","urlTemplate":"https:\/\/stacc.ee\/et\/?s={search_term_string}"},"query-input":{"@type":"PropertyValueSpecification","valueRequired":true,"valueName":"search_term_string"}}],"inLanguage":"et"},{"@type":"Organization","@id":"https:\/\/stacc.ee\/et\/#organization","name":"STACC","url":"https:\/\/stacc.ee\/et\/","logo":{"@type":"ImageObject","inLanguage":"et","@id":"https:\/\/stacc.ee\/et\/#\/schema\/logo\/image\/","url":"https:\/\/stacc.ee\/wp-content\/uploads\/2021\/09\/stacc.jpg","contentUrl":"https:\/\/stacc.ee\/wp-content\/uploads\/2021\/09\/stacc.jpg","width":176,"height":176,"caption":"STACC"},"image":{"@id":"https:\/\/stacc.ee\/et\/#\/schema\/logo\/image\/"},"sameAs":["https:\/\/www.facebook.com\/staccest","https:\/\/x.com\/staccest1","https:\/\/www.instagram.com\/staccest\/","https:\/\/ee.linkedin.com\/company\/staccest","https:\/\/www.youtube.com\/channel\/UCnn59bCz9vSM3lC0S9j6Ccw"]}]}},"_links":{"self":[{"href":"https:\/\/stacc.ee\/et\/wp-json\/wp\/v2\/pages\/10686","targetHints":{"allow":["GET"]}}],"collection":[{"href":"https:\/\/stacc.ee\/et\/wp-json\/wp\/v2\/pages"}],"about":[{"href":"https:\/\/stacc.ee\/et\/wp-json\/wp\/v2\/types\/page"}],"author":[{"embeddable":true,"href":"https:\/\/stacc.ee\/et\/wp-json\/wp\/v2\/users\/1"}],"replies":[{"embeddable":true,"href":"https:\/\/stacc.ee\/et\/wp-json\/wp\/v2\/comments?post=10686"}],"version-history":[{"count":1,"href":"https:\/\/stacc.ee\/et\/wp-json\/wp\/v2\/pages\/10686\/revisions"}],"predecessor-version":[{"id":47052,"href":"https:\/\/stacc.ee\/et\/wp-json\/wp\/v2\/pages\/10686\/revisions\/47052"}],"wp:attachment":[{"href":"https:\/\/stacc.ee\/et\/wp-json\/wp\/v2\/media?parent=10686"}],"curies":[{"name":"wp","href":"https:\/\/api.w.org\/{rel}","templated":true}]}}