{"id":10700,"date":"2021-08-21T06:03:28","date_gmt":"2021-08-21T06:03:28","guid":{"rendered":"https:\/\/stacczero.local\/research\/"},"modified":"2021-10-07T04:46:56","modified_gmt":"2021-10-07T04:46:56","slug":"teadustoo","status":"publish","type":"page","link":"https:\/\/stacc.ee\/et\/teadustoo\/","title":{"rendered":"Teadus"},"content":{"rendered":"\n<div class=\"wp-block-cover has-background-dim-60 has-brand-dark-green-background-color has-background-dim hero\"><img fetchpriority=\"high\" decoding=\"async\" width=\"1773\" height=\"1182\" class=\"wp-block-cover__image-background wp-image-10560\" alt=\"\" src=\"https:\/\/stacc.ee\/wp-content\/uploads\/2021\/10\/Stacc_joppcreative-6053-small-1.jpg\" data-object-fit=\"cover\" srcset=\"https:\/\/stacc.ee\/wp-content\/uploads\/2021\/10\/Stacc_joppcreative-6053-small-1.jpg 1773w, https:\/\/stacc.ee\/wp-content\/uploads\/2021\/10\/Stacc_joppcreative-6053-small-1-300x200.jpg 300w, https:\/\/stacc.ee\/wp-content\/uploads\/2021\/10\/Stacc_joppcreative-6053-small-1-1024x683.jpg 1024w, https:\/\/stacc.ee\/wp-content\/uploads\/2021\/10\/Stacc_joppcreative-6053-small-1-768x512.jpg 768w, https:\/\/stacc.ee\/wp-content\/uploads\/2021\/10\/Stacc_joppcreative-6053-small-1-1536x1024.jpg 1536w\" sizes=\"(max-width: 1773px) 100vw, 1773px\" \/><div class=\"wp-block-cover__inner-container is-layout-flow wp-block-cover-is-layout-flow\">\n<div class=\"wp-block-columns is-layout-flex wp-container-core-columns-is-layout-9d6595d7 wp-block-columns-is-layout-flex\">\n<div class=\"wp-block-column is-layout-flow wp-block-column-is-layout-flow\">\n<div style=\"height:60px\" aria-hidden=\"true\" class=\"wp-block-spacer\"><\/div>\n\n\n\n<h1 class=\"has-brand-bright-yellow-color has-text-color wp-block-heading\">Teadust\u00f6\u00f6<\/h1>\n\n\n\n<p>STACC keskendub ettev\u00f5ttesisese andmeteaduse ja anal\u00fc\u00fcsi p\u00e4devuse arendamisele ning muudab selle p\u00e4devuse oma klientide jaoks \u00e4riv\u00e4\u00e4rtuseks. Oleme m\u00e4\u00e4ratlenud neli strateegilist arendusvaldkonda vastavalt \u00e4rirakenduste domeenidele. <\/p>\n\n\n\n<p class=\"has-brand-turqoise-color has-text-color\"><a href=\"https:\/\/stacc.ee\/et\/teadustoo\/publikatsioonid\/\">Publikatsioonid<\/a><\/p><p><a href=\"https:\/\/stacc.ee\/et\/teadustoo\/grandid\/\">Saadud toetused<\/a><\/p>\n\n\n\n<p><\/p>\n<\/div>\n\n\n\n<div class=\"wp-block-column is-layout-flow wp-block-column-is-layout-flow\">\n<p class=\"has-brand-turqoise-color has-text-color\"><\/p>\n<\/div>\n<\/div>\n<\/div><\/div>\n\n\n\n<div class=\"wp-block-cover has-brand-light-grey-background-color has-background-dim\"><div class=\"wp-block-cover__inner-container is-layout-flow wp-block-cover-is-layout-flow\">\n<div style=\"height:45px\" aria-hidden=\"true\" class=\"wp-block-spacer\"><\/div>\n\n\n\n<div class=\"wp-block-columns has-brand-purple-color has-text-color is-layout-flex wp-container-core-columns-is-layout-9d6595d7 wp-block-columns-is-layout-flex\">\n<div class=\"wp-block-column has-brand-light-grey-background-color has-background is-layout-flow wp-block-column-is-layout-flow\">\n<figure class=\"wp-block-image size-full is-resized\"><img decoding=\"async\" src=\"https:\/\/stacc.ee\/wp-content\/uploads\/2021\/08\/andmeanalu\u0308u\u0308tika.png\" alt=\"\" class=\"wp-image-430\" width=\"35\" height=\"35\"\/><\/figure>\n\n\n\n<h4 class=\"wp-block-heading\">ANDMETE ANAL\u00dc\u00dcTIKA TARKVARA JA S\u00dcSTEEMI OPTIMEERIMISEKS<\/h4>\n\n\n\n<p>Strateegilise arendusvaldkonna eesm\u00e4rk on t\u00f6\u00f6tada v\u00e4lja reaalajas prognoositavad andmete anal\u00fc\u00fcsimeetodid, et optimeerida suuremahulisi tarkvaras\u00fcsteeme, kasutades logidest ja andmevoogudest saadud teavet. Uuring h\u00f5lmab tarkvaras\u00fcsteemide ja \u00e4riprotsesside optimeerimist ning soovituslike s\u00fcsteemide v\u00e4ljat\u00f6\u00f6tamist. <\/p>\n<\/div>\n\n\n\n<div class=\"wp-block-column is-layout-flow wp-block-column-is-layout-flow\">\n<figure class=\"wp-block-image size-full is-resized\"><img decoding=\"async\" src=\"https:\/\/stacc.ee\/wp-content\/uploads\/2021\/08\/suurandmed_ikoon.png\" alt=\"\" class=\"wp-image-433\" width=\"35\"\/><\/figure>\n\n\n\n<h4 class=\"wp-block-heading\">SUURANDMED JA TURVALISUS<\/h4>\n\n\n\n<p>Strateegilise arendusvaldkonna eesm\u00e4rk on arendada ja uurida privaatsust s\u00e4ilitavate andmet\u00f6\u00f6tlusmeetodite rakendatavust, suurendada nende kasutatavust ja j\u00f5udlust ning t\u00f6\u00f6tada v\u00e4lja uusi turvalisi meetodeid, sealhulgas turvaliste andmet\u00f6\u00f6tluskeskkondade uurimist; kr\u00fcptograafiliste protokollide ametlik turvaanal\u00fc\u00fcs; elektroonilise identiteedi lahenduste turvalisuse hindamine, nende taotluste l\u00e4bivaatamine (sh elektrooniline h\u00e4\u00e4letamine) ja rakenduste l\u00e4bipaistvuse suurendamine.<\/p>\n<\/div>\n<\/div>\n\n\n\n<div style=\"height:45px\" aria-hidden=\"true\" class=\"wp-block-spacer\"><\/div>\n\n\n\n<div class=\"wp-block-columns is-layout-flex wp-container-core-columns-is-layout-9d6595d7 wp-block-columns-is-layout-flex\">\n<div class=\"wp-block-column is-layout-flow wp-block-column-is-layout-flow\">\n<figure class=\"wp-block-image size-full is-resized\"><img decoding=\"async\" src=\"https:\/\/stacc.ee\/wp-content\/uploads\/2021\/08\/aeg-ruum.png\" alt=\"\" class=\"wp-image-435\" width=\"35\" height=\"35\"\/><\/figure>\n\n\n\n<h4 class=\"has-brand-purple-color has-text-color wp-block-heading\">AJALIS-RUUMILISTE ANDMETE ANAL\u00dc\u00dcTIKA<\/h4>\n\n\n\n<p class=\"has-brand-purple-color has-text-color\">Selles strateegilises arendusvaldkonnas keskendume ajalis-ruumilise andmete kaevandamiseks vajalike tehnikate ja algoritmide v\u00e4ljat\u00f6\u00f6tamisele. Ruumilised ja ajalised andmed sisaldavad v\u00e4\u00e4rtuslikku teavet asukoha ja liikumiste kohta, mida saab kasutada mitmes valdkonnas, n\u00e4iteks turunduses, nutikate linnade lahendustes, ohutuse ja turvalisuse valdkondades. <\/p>\n<\/div>\n\n\n\n<div class=\"wp-block-column is-layout-flow wp-block-column-is-layout-flow\">\n<figure class=\"wp-block-image size-full is-resized\"><img loading=\"lazy\" decoding=\"async\" src=\"https:\/\/stacc.ee\/wp-content\/uploads\/2021\/08\/etervis.png\" alt=\"\" class=\"wp-image-437\" width=\"35\" height=\"35\"\/><\/figure>\n\n\n\n<h4 class=\"has-brand-purple-color has-text-color wp-block-heading\">E-TERVIS JA PERSONALISEERITUD MEDITSIIN<\/h4>\n\n\n\n<p class=\"has-brand-purple-color has-text-color\">Strateegilise arendusvaldkonna eesm\u00e4rk on t\u00f6\u00f6tada v\u00e4lja t\u00f5endusp\u00f5hise tervishoiu IT-lahendused, mis p\u00f5hinevad terviseandmetel (sh geneetilistel andmetel) ja andmeanal\u00fc\u00fcsil. See h\u00f5lmab andmete ja anal\u00fc\u00fcside jaoks turvalise ja h\u00e4sti struktureeritud infrastruktuuri loomist, epidemioloogiliste uuringute ja muude kliiniliselt oluliste anal\u00fc\u00fcside l\u00e4biviimist ning vajaliku tarkvara loomist ja kliiniliseks rakendamiseks vajaliku personaliseeritud meditsiini IT-komponentide v\u00e4ljat\u00f6\u00f6tamist.<\/p>\n<\/div>\n<\/div>\n\n\n\n<p class=\"has-text-align-center has-large-font-size\"><\/p>\n<\/div><\/div>\n","protected":false},"excerpt":{"rendered":"","protected":false},"author":1,"featured_media":10560,"parent":0,"menu_order":0,"comment_status":"closed","ping_status":"closed","template":"page-templates\/empty.php","meta":{"footnotes":""},"class_list":["post-10700","page","type-page","status-publish","has-post-thumbnail","hentry"],"yoast_head":"<!-- This site is optimized with the Yoast SEO plugin v27.5 - https:\/\/yoast.com\/product\/yoast-seo-wordpress\/ -->\n<title>Teadus - STACC<\/title>\n<meta name=\"description\" content=\"STACC keskendub ettev\u00f5ttesisese andmeteaduse ja anal\u00fc\u00fcsi p\u00e4devuse arendamisele ning muudab selle p\u00e4devuse klientide \u00e4riv\u00e4\u00e4rtuseks.\" \/>\n<meta name=\"robots\" content=\"index, follow, max-snippet:-1, max-image-preview:large, max-video-preview:-1\" \/>\n<link rel=\"canonical\" href=\"https:\/\/stacc.ee\/et\/teadustoo\/\" \/>\n<meta property=\"og:locale\" content=\"et_EE\" \/>\n<meta property=\"og:type\" content=\"article\" \/>\n<meta property=\"og:title\" content=\"Teadus - STACC\" \/>\n<meta property=\"og:description\" content=\"STACC keskendub ettev\u00f5ttesisese andmeteaduse ja anal\u00fc\u00fcsi p\u00e4devuse arendamisele ning muudab selle p\u00e4devuse klientide \u00e4riv\u00e4\u00e4rtuseks.\" \/>\n<meta property=\"og:url\" content=\"https:\/\/stacc.ee\/et\/teadustoo\/\" \/>\n<meta property=\"og:site_name\" content=\"STACC\" \/>\n<meta property=\"article:publisher\" content=\"https:\/\/www.facebook.com\/staccest\" \/>\n<meta property=\"article:modified_time\" content=\"2021-10-07T04:46:56+00:00\" \/>\n<meta property=\"og:image\" content=\"https:\/\/stacc.ee\/wp-content\/uploads\/2021\/10\/Stacc_joppcreative-6053-small-1.jpg\" \/>\n\t<meta property=\"og:image:width\" content=\"1773\" \/>\n\t<meta property=\"og:image:height\" content=\"1182\" \/>\n\t<meta property=\"og:image:type\" content=\"image\/jpeg\" \/>\n<meta name=\"twitter:card\" content=\"summary_large_image\" \/>\n<meta name=\"twitter:site\" content=\"@staccest1\" \/>\n<meta name=\"twitter:label1\" content=\"Est. reading time\" \/>\n\t<meta name=\"twitter:data1\" content=\"2 minutit\" \/>\n<script type=\"application\/ld+json\" class=\"yoast-schema-graph\">{\"@context\":\"https:\\\/\\\/schema.org\",\"@graph\":[{\"@type\":\"WebPage\",\"@id\":\"https:\\\/\\\/stacc.ee\\\/et\\\/teadustoo\\\/\",\"url\":\"https:\\\/\\\/stacc.ee\\\/et\\\/teadustoo\\\/\",\"name\":\"Teadus - STACC\",\"isPartOf\":{\"@id\":\"https:\\\/\\\/stacc.ee\\\/et\\\/#website\"},\"primaryImageOfPage\":{\"@id\":\"https:\\\/\\\/stacc.ee\\\/et\\\/teadustoo\\\/#primaryimage\"},\"image\":{\"@id\":\"https:\\\/\\\/stacc.ee\\\/et\\\/teadustoo\\\/#primaryimage\"},\"thumbnailUrl\":\"https:\\\/\\\/stacc.ee\\\/wp-content\\\/uploads\\\/2021\\\/10\\\/Stacc_joppcreative-6053-small-1.jpg\",\"datePublished\":\"2021-08-21T06:03:28+00:00\",\"dateModified\":\"2021-10-07T04:46:56+00:00\",\"description\":\"STACC keskendub ettev\u00f5ttesisese andmeteaduse ja anal\u00fc\u00fcsi p\u00e4devuse arendamisele ning muudab selle p\u00e4devuse klientide \u00e4riv\u00e4\u00e4rtuseks.\",\"breadcrumb\":{\"@id\":\"https:\\\/\\\/stacc.ee\\\/et\\\/teadustoo\\\/#breadcrumb\"},\"inLanguage\":\"et\",\"potentialAction\":[{\"@type\":\"ReadAction\",\"target\":[\"https:\\\/\\\/stacc.ee\\\/et\\\/teadustoo\\\/\"]}]},{\"@type\":\"ImageObject\",\"inLanguage\":\"et\",\"@id\":\"https:\\\/\\\/stacc.ee\\\/et\\\/teadustoo\\\/#primaryimage\",\"url\":\"https:\\\/\\\/stacc.ee\\\/wp-content\\\/uploads\\\/2021\\\/10\\\/Stacc_joppcreative-6053-small-1.jpg\",\"contentUrl\":\"https:\\\/\\\/stacc.ee\\\/wp-content\\\/uploads\\\/2021\\\/10\\\/Stacc_joppcreative-6053-small-1.jpg\",\"width\":1773,\"height\":1182},{\"@type\":\"BreadcrumbList\",\"@id\":\"https:\\\/\\\/stacc.ee\\\/et\\\/teadustoo\\\/#breadcrumb\",\"itemListElement\":[{\"@type\":\"ListItem\",\"position\":1,\"name\":\"Avaleht\",\"item\":\"https:\\\/\\\/stacc.ee\\\/et\\\/\"},{\"@type\":\"ListItem\",\"position\":2,\"name\":\"Teadus\"}]},{\"@type\":\"WebSite\",\"@id\":\"https:\\\/\\\/stacc.ee\\\/et\\\/#website\",\"url\":\"https:\\\/\\\/stacc.ee\\\/et\\\/\",\"name\":\"STACC\",\"description\":\"Juhtiv masin\u00f5ppe ja andmeteaduse ettev\u00f5te\",\"publisher\":{\"@id\":\"https:\\\/\\\/stacc.ee\\\/et\\\/#organization\"},\"potentialAction\":[{\"@type\":\"SearchAction\",\"target\":{\"@type\":\"EntryPoint\",\"urlTemplate\":\"https:\\\/\\\/stacc.ee\\\/et\\\/?s={search_term_string}\"},\"query-input\":{\"@type\":\"PropertyValueSpecification\",\"valueRequired\":true,\"valueName\":\"search_term_string\"}}],\"inLanguage\":\"et\"},{\"@type\":\"Organization\",\"@id\":\"https:\\\/\\\/stacc.ee\\\/et\\\/#organization\",\"name\":\"STACC\",\"url\":\"https:\\\/\\\/stacc.ee\\\/et\\\/\",\"logo\":{\"@type\":\"ImageObject\",\"inLanguage\":\"et\",\"@id\":\"https:\\\/\\\/stacc.ee\\\/et\\\/#\\\/schema\\\/logo\\\/image\\\/\",\"url\":\"https:\\\/\\\/stacc.ee\\\/wp-content\\\/uploads\\\/2021\\\/09\\\/stacc.jpg\",\"contentUrl\":\"https:\\\/\\\/stacc.ee\\\/wp-content\\\/uploads\\\/2021\\\/09\\\/stacc.jpg\",\"width\":176,\"height\":176,\"caption\":\"STACC\"},\"image\":{\"@id\":\"https:\\\/\\\/stacc.ee\\\/et\\\/#\\\/schema\\\/logo\\\/image\\\/\"},\"sameAs\":[\"https:\\\/\\\/www.facebook.com\\\/staccest\",\"https:\\\/\\\/x.com\\\/staccest1\",\"https:\\\/\\\/www.instagram.com\\\/staccest\\\/\",\"https:\\\/\\\/ee.linkedin.com\\\/company\\\/staccest\",\"https:\\\/\\\/www.youtube.com\\\/channel\\\/UCnn59bCz9vSM3lC0S9j6Ccw\"]}]}<\/script>\n<!-- \/ Yoast SEO plugin. -->","yoast_head_json":{"title":"Teadus - STACC","description":"STACC keskendub ettev\u00f5ttesisese andmeteaduse ja anal\u00fc\u00fcsi p\u00e4devuse arendamisele ning muudab selle p\u00e4devuse klientide \u00e4riv\u00e4\u00e4rtuseks.","robots":{"index":"index","follow":"follow","max-snippet":"max-snippet:-1","max-image-preview":"max-image-preview:large","max-video-preview":"max-video-preview:-1"},"canonical":"https:\/\/stacc.ee\/et\/teadustoo\/","og_locale":"et_EE","og_type":"article","og_title":"Teadus - STACC","og_description":"STACC keskendub ettev\u00f5ttesisese andmeteaduse ja anal\u00fc\u00fcsi p\u00e4devuse arendamisele ning muudab selle p\u00e4devuse klientide \u00e4riv\u00e4\u00e4rtuseks.","og_url":"https:\/\/stacc.ee\/et\/teadustoo\/","og_site_name":"STACC","article_publisher":"https:\/\/www.facebook.com\/staccest","article_modified_time":"2021-10-07T04:46:56+00:00","og_image":[{"width":1773,"height":1182,"url":"https:\/\/stacc.ee\/wp-content\/uploads\/2021\/10\/Stacc_joppcreative-6053-small-1.jpg","type":"image\/jpeg"}],"twitter_card":"summary_large_image","twitter_site":"@staccest1","twitter_misc":{"Est. reading time":"2 minutit"},"schema":{"@context":"https:\/\/schema.org","@graph":[{"@type":"WebPage","@id":"https:\/\/stacc.ee\/et\/teadustoo\/","url":"https:\/\/stacc.ee\/et\/teadustoo\/","name":"Teadus - STACC","isPartOf":{"@id":"https:\/\/stacc.ee\/et\/#website"},"primaryImageOfPage":{"@id":"https:\/\/stacc.ee\/et\/teadustoo\/#primaryimage"},"image":{"@id":"https:\/\/stacc.ee\/et\/teadustoo\/#primaryimage"},"thumbnailUrl":"https:\/\/stacc.ee\/wp-content\/uploads\/2021\/10\/Stacc_joppcreative-6053-small-1.jpg","datePublished":"2021-08-21T06:03:28+00:00","dateModified":"2021-10-07T04:46:56+00:00","description":"STACC keskendub ettev\u00f5ttesisese andmeteaduse ja anal\u00fc\u00fcsi p\u00e4devuse arendamisele ning muudab selle p\u00e4devuse klientide \u00e4riv\u00e4\u00e4rtuseks.","breadcrumb":{"@id":"https:\/\/stacc.ee\/et\/teadustoo\/#breadcrumb"},"inLanguage":"et","potentialAction":[{"@type":"ReadAction","target":["https:\/\/stacc.ee\/et\/teadustoo\/"]}]},{"@type":"ImageObject","inLanguage":"et","@id":"https:\/\/stacc.ee\/et\/teadustoo\/#primaryimage","url":"https:\/\/stacc.ee\/wp-content\/uploads\/2021\/10\/Stacc_joppcreative-6053-small-1.jpg","contentUrl":"https:\/\/stacc.ee\/wp-content\/uploads\/2021\/10\/Stacc_joppcreative-6053-small-1.jpg","width":1773,"height":1182},{"@type":"BreadcrumbList","@id":"https:\/\/stacc.ee\/et\/teadustoo\/#breadcrumb","itemListElement":[{"@type":"ListItem","position":1,"name":"Avaleht","item":"https:\/\/stacc.ee\/et\/"},{"@type":"ListItem","position":2,"name":"Teadus"}]},{"@type":"WebSite","@id":"https:\/\/stacc.ee\/et\/#website","url":"https:\/\/stacc.ee\/et\/","name":"STACC","description":"Juhtiv masin\u00f5ppe ja andmeteaduse ettev\u00f5te","publisher":{"@id":"https:\/\/stacc.ee\/et\/#organization"},"potentialAction":[{"@type":"SearchAction","target":{"@type":"EntryPoint","urlTemplate":"https:\/\/stacc.ee\/et\/?s={search_term_string}"},"query-input":{"@type":"PropertyValueSpecification","valueRequired":true,"valueName":"search_term_string"}}],"inLanguage":"et"},{"@type":"Organization","@id":"https:\/\/stacc.ee\/et\/#organization","name":"STACC","url":"https:\/\/stacc.ee\/et\/","logo":{"@type":"ImageObject","inLanguage":"et","@id":"https:\/\/stacc.ee\/et\/#\/schema\/logo\/image\/","url":"https:\/\/stacc.ee\/wp-content\/uploads\/2021\/09\/stacc.jpg","contentUrl":"https:\/\/stacc.ee\/wp-content\/uploads\/2021\/09\/stacc.jpg","width":176,"height":176,"caption":"STACC"},"image":{"@id":"https:\/\/stacc.ee\/et\/#\/schema\/logo\/image\/"},"sameAs":["https:\/\/www.facebook.com\/staccest","https:\/\/x.com\/staccest1","https:\/\/www.instagram.com\/staccest\/","https:\/\/ee.linkedin.com\/company\/staccest","https:\/\/www.youtube.com\/channel\/UCnn59bCz9vSM3lC0S9j6Ccw"]}]}},"_links":{"self":[{"href":"https:\/\/stacc.ee\/et\/wp-json\/wp\/v2\/pages\/10700","targetHints":{"allow":["GET"]}}],"collection":[{"href":"https:\/\/stacc.ee\/et\/wp-json\/wp\/v2\/pages"}],"about":[{"href":"https:\/\/stacc.ee\/et\/wp-json\/wp\/v2\/types\/page"}],"author":[{"embeddable":true,"href":"https:\/\/stacc.ee\/et\/wp-json\/wp\/v2\/users\/1"}],"replies":[{"embeddable":true,"href":"https:\/\/stacc.ee\/et\/wp-json\/wp\/v2\/comments?post=10700"}],"version-history":[{"count":0,"href":"https:\/\/stacc.ee\/et\/wp-json\/wp\/v2\/pages\/10700\/revisions"}],"wp:featuredmedia":[{"embeddable":true,"href":"https:\/\/stacc.ee\/et\/wp-json\/wp\/v2\/media\/10560"}],"wp:attachment":[{"href":"https:\/\/stacc.ee\/et\/wp-json\/wp\/v2\/media?parent=10700"}],"curies":[{"name":"wp","href":"https:\/\/api.w.org\/{rel}","templated":true}]}}