{"id":13268,"date":"2022-02-19T09:39:51","date_gmt":"2022-02-19T09:39:51","guid":{"rendered":"https:\/\/stacczero.local\/?page_id=13268"},"modified":"2024-03-11T07:44:33","modified_gmt":"2024-03-11T07:44:33","slug":"praktikaprogramm","status":"publish","type":"page","link":"https:\/\/stacc.ee\/et\/praktikaprogramm\/","title":{"rendered":"Praktikaprogramm"},"content":{"rendered":"\n<div class=\"wp-block-cover hero\"><span aria-hidden=\"true\" class=\"wp-block-cover__background has-brand-dark-green-background-color has-background-dim-60 has-background-dim\"><\/span><img fetchpriority=\"high\" decoding=\"async\" width=\"1439\" height=\"800\" class=\"wp-block-cover__image-background wp-image-20464\" alt=\"\" src=\"https:\/\/stacc.ee\/wp-content\/uploads\/2023\/02\/Internship-program-2023-2.png\" style=\"object-position:19% 59%\" data-object-fit=\"cover\" data-object-position=\"19% 59%\" srcset=\"https:\/\/stacc.ee\/wp-content\/uploads\/2023\/02\/Internship-program-2023-2.png 1439w, https:\/\/stacc.ee\/wp-content\/uploads\/2023\/02\/Internship-program-2023-2-300x167.png 300w, https:\/\/stacc.ee\/wp-content\/uploads\/2023\/02\/Internship-program-2023-2-1024x569.png 1024w, https:\/\/stacc.ee\/wp-content\/uploads\/2023\/02\/Internship-program-2023-2-768x427.png 768w\" sizes=\"(max-width: 1439px) 100vw, 1439px\" \/><div class=\"wp-block-cover__inner-container is-layout-flow wp-block-cover-is-layout-flow\">\n<div style=\"height:45px\" aria-hidden=\"true\" class=\"wp-block-spacer\"><\/div>\n\n\n\n<div class=\"wp-block-columns is-layout-flex wp-container-core-columns-is-layout-9d6595d7 wp-block-columns-is-layout-flex\">\n<div class=\"wp-block-column is-layout-flow wp-block-column-is-layout-flow\" style=\"flex-basis:50%\">\n<h1 class=\"wp-block-heading has-brand-bright-yellow-color has-text-color\" id=\"praktikaprogramm\">Praktikaprogramm<\/h1>\n\n\n\n<p class=\"has-brand-yellow-color has-text-color\"><strong>Liitu Eesti juhtiva masin\u00f5ppe ja andmeteaduse ettev\u00f5tte praktikaprogrammiga.<\/strong> Saad aidata ettev\u00f5tetel luua ja turule tuua tehisintellektil p\u00f5hinevaid tarkvaralahendusi. <br>Pane alus \u00e4gedale karj\u00e4\u00e4rile!<\/p>\n\n\n\n<div style=\"height:17px\" aria-hidden=\"true\" class=\"wp-block-spacer\"><\/div>\n\n\n\n<div class=\"wp-block-buttons is-layout-flex wp-block-buttons-is-layout-flex\">\n<div class=\"wp-block-button\"><a class=\"wp-block-button__link has-brand-bright-yellow-color has-brand-purple-background-color has-text-color has-background wp-element-button\">Kandideerimine on l\u00f5ppenud<\/a><\/div>\n<\/div>\n\n\n\n<div style=\"height:30px\" aria-hidden=\"true\" class=\"wp-block-spacer\"><\/div>\n\n\n\n<div class=\"wp-block-columns is-layout-flex wp-container-core-columns-is-layout-9d6595d7 wp-block-columns-is-layout-flex\">\n<div class=\"wp-block-column is-layout-flow wp-block-column-is-layout-flow\" style=\"flex-basis:35%\"><div class=\"wp-block-image mt-1\">\n<figure class=\"alignleft size-full is-resized\"><img decoding=\"async\" width=\"30\" height=\"30\" src=\"https:\/\/stacc.ee\/wp-content\/uploads\/2021\/11\/new-hero-highlight-4.png\" alt=\"\" class=\"wp-image-12004\" style=\"width:31px;height:auto\"\/><\/figure>\n<\/div>\n\n\n<p style=\"font-size:16px\">Praktika on tasustatud<\/p>\n<\/div>\n\n\n\n<div class=\"wp-block-column is-layout-flow wp-block-column-is-layout-flow\"><div class=\"wp-block-image mt-1\">\n<figure class=\"alignleft size-full\"><img decoding=\"async\" width=\"30\" height=\"30\" src=\"https:\/\/stacc.ee\/wp-content\/uploads\/2021\/11\/new-hero-highlight-4.png\" alt=\"\" class=\"wp-image-12004\"\/><\/figure>\n<\/div>\n\n\n<p style=\"font-size:16px\">Eriv\u00f5imalused vastavalt Sinu taustale<\/p>\n<\/div>\n<\/div>\n<\/div>\n\n\n\n<div class=\"wp-block-column is-layout-flow wp-block-column-is-layout-flow\" style=\"flex-basis:50%\"><\/div>\n<\/div>\n\n\n\n<div style=\"height:61px\" aria-hidden=\"true\" class=\"wp-block-spacer\"><\/div>\n<\/div><\/div>\n\n\n\n<div class=\"wp-block-columns no-margins-two is-layout-flex wp-container-core-columns-is-layout-9d6595d7 wp-block-columns-is-layout-flex\">\n<div class=\"wp-block-column is-layout-flow wp-block-column-is-layout-flow\">\n<div class=\"wp-block-cover is-light pl-3 pt-3\"><span aria-hidden=\"true\" class=\"wp-block-cover__background has-background-dim-0 has-background-dim\"><\/span><img loading=\"lazy\" decoding=\"async\" width=\"720\" height=\"560\" class=\"wp-block-cover__image-background wp-image-20469\" alt=\"\" src=\"https:\/\/stacc.ee\/wp-content\/uploads\/2023\/02\/Andmeteadlane.png\" style=\"object-position:79% 38%\" data-object-fit=\"cover\" data-object-position=\"79% 38%\" srcset=\"https:\/\/stacc.ee\/wp-content\/uploads\/2023\/02\/Andmeteadlane.png 720w, https:\/\/stacc.ee\/wp-content\/uploads\/2023\/02\/Andmeteadlane-300x233.png 300w\" sizes=\"(max-width: 720px) 100vw, 720px\" \/><div class=\"wp-block-cover__inner-container is-layout-flow wp-block-cover-is-layout-flow\">\n<div style=\"height:100px\" aria-hidden=\"true\" class=\"wp-block-spacer\"><\/div>\n\n\n\n<h2 class=\"wp-block-heading has-brand-purple-color has-text-color\" id=\"andmeteadlane\"><a href=\"https:\/\/stacc.ee\/et\/karjaar\/andmeteaduse-praktikant\/\">Andmeteadlane<\/a><\/h2>\n\n\n\n<p class=\"has-brand-dark-green-color has-text-color\">Avasta andmetest huvitavaid mustreid, kasutades erinevaid statistilisi meetodeid ja masin\u00f5ppe algoritme.<\/p>\n<\/div><\/div>\n<\/div>\n\n\n\n<div class=\"wp-block-column is-layout-flow wp-block-column-is-layout-flow\">\n<figure class=\"wp-block-image size-large stacc__cover-picture\"><img decoding=\"async\" src=\"https:\/\/stacc.ee\/wp-content\/uploads\/2022\/03\/Stacc_joppcreative-6216-1024x683.jpg\" alt=\"\"\/><\/figure>\n<\/div>\n<\/div>\n\n\n\n<div class=\"wp-block-cover\"><span aria-hidden=\"true\" class=\"wp-block-cover__background has-background-dim-0 has-background-dim\"><\/span><img loading=\"lazy\" decoding=\"async\" width=\"1439\" height=\"1653\" class=\"wp-block-cover__image-background wp-image-13692\" alt=\"\" src=\"https:\/\/stacc.ee\/wp-content\/uploads\/2022\/02\/tausta-pilt-2.jpg\" style=\"object-position:49% 14%\" data-object-fit=\"cover\" data-object-position=\"49% 14%\" srcset=\"https:\/\/stacc.ee\/wp-content\/uploads\/2022\/02\/tausta-pilt-2.jpg 1439w, https:\/\/stacc.ee\/wp-content\/uploads\/2022\/02\/tausta-pilt-2-261x300.jpg 261w, https:\/\/stacc.ee\/wp-content\/uploads\/2022\/02\/tausta-pilt-2-891x1024.jpg 891w, https:\/\/stacc.ee\/wp-content\/uploads\/2022\/02\/tausta-pilt-2-768x882.jpg 768w, https:\/\/stacc.ee\/wp-content\/uploads\/2022\/02\/tausta-pilt-2-1337x1536.jpg 1337w\" sizes=\"(max-width: 1439px) 100vw, 1439px\" \/><div class=\"wp-block-cover__inner-container is-layout-flow wp-block-cover-is-layout-flow\">\n<div style=\"height:100px\" aria-hidden=\"true\" class=\"wp-block-spacer\"><\/div>\n\n\n\n<div class=\"wp-block-columns is-layout-flex wp-container-core-columns-is-layout-9d6595d7 wp-block-columns-is-layout-flex\">\n<div class=\"wp-block-column is-layout-flow wp-block-column-is-layout-flow\" style=\"flex-basis:50%\">\n<h2 class=\"wp-block-heading\" id=\"kuidas-kandideerida\">Kuidas kandideerida?<\/h2>\n\n\n\n<p>Oled oodatud nii noore tudengina kui ka karj\u00e4\u00e4rimuutust otsiva professionaalina.<\/p>\n\n\n\n<div style=\"height:40px\" aria-hidden=\"true\" class=\"wp-block-spacer\"><\/div>\n\n\n\n<div class=\"wp-block-columns is-layout-flex wp-container-core-columns-is-layout-9d6595d7 wp-block-columns-is-layout-flex\">\n<div class=\"wp-block-column kuidas-kandideerida-joon is-layout-flow wp-block-column-is-layout-flow\" style=\"flex-basis:60px\"><div class=\"wp-block-image\">\n<figure class=\"aligncenter size-full is-resized\"><img loading=\"lazy\" decoding=\"async\" width=\"80\" height=\"80\" src=\"https:\/\/stacc.ee\/wp-content\/uploads\/2022\/02\/kuidas-kandideerida-1-1.png\" alt=\"\" class=\"wp-image-13322\" style=\"width:40px;height:40px\"\/><\/figure>\n<\/div><\/div>\n\n\n\n<div class=\"wp-block-column is-layout-flow wp-block-column-is-layout-flow\" style=\"flex-basis:66.66%\">\n<h3 class=\"wp-block-heading\" id=\"avalduste-esitamine\">Avalduste esitamine<\/h3>\n\n\n\n<p class=\"has-brand-bright-yellow-color has-text-color\">19. veebruar &#8211; 10. m\u00e4rts<\/p>\n\n\n\n<p><br>Esita avaldus, et teaksime, mis on Sinu varasemad kogemused ja erialased huvid.<\/p>\n\n\n\n<div style=\"height:30px\" aria-hidden=\"true\" class=\"wp-block-spacer\"><\/div>\n<\/div>\n<\/div>\n\n\n\n<div class=\"wp-block-columns is-layout-flex wp-container-core-columns-is-layout-9d6595d7 wp-block-columns-is-layout-flex\">\n<div class=\"wp-block-column kuidas-kandideerida-joon is-layout-flow wp-block-column-is-layout-flow\" style=\"flex-basis:60px\"><div class=\"wp-block-image\">\n<figure class=\"aligncenter size-full is-resized\"><img loading=\"lazy\" decoding=\"async\" width=\"80\" height=\"80\" src=\"https:\/\/stacc.ee\/wp-content\/uploads\/2022\/02\/kuidas-kandideerida-2.png\" alt=\"\" class=\"wp-image-13333\" style=\"width:40px;height:40px\"\/><\/figure>\n<\/div><\/div>\n\n\n\n<div class=\"wp-block-column is-layout-flow wp-block-column-is-layout-flow\" style=\"flex-basis:66.66%\">\n<h3 class=\"wp-block-heading\" id=\"testulesanded\">Test\u00fclesanded<\/h3>\n\n\n\n<p class=\"has-brand-bright-yellow-color has-text-color\">11. m\u00e4rts &#8211; 17. m\u00e4rts<\/p>\n\n\n\n<p><br>Saadame Sulle test\u00fclesanded, mis annavad meile \u00fclevaate Sinu oskustest. <\/p>\n\n\n\n<div style=\"height:30px\" aria-hidden=\"true\" class=\"wp-block-spacer\"><\/div>\n<\/div>\n<\/div>\n\n\n\n<div class=\"wp-block-columns is-layout-flex wp-container-core-columns-is-layout-9d6595d7 wp-block-columns-is-layout-flex\">\n<div class=\"wp-block-column kuidas-kandideerida-joon is-layout-flow wp-block-column-is-layout-flow\" style=\"flex-basis:60px\"><div class=\"wp-block-image\">\n<figure class=\"aligncenter size-full is-resized\"><img loading=\"lazy\" decoding=\"async\" width=\"80\" height=\"80\" src=\"https:\/\/stacc.ee\/wp-content\/uploads\/2022\/02\/kuidas-kandideerida-3.png\" alt=\"\" class=\"wp-image-13331\" style=\"width:40px;height:40px\"\/><\/figure>\n<\/div><\/div>\n\n\n\n<div class=\"wp-block-column is-layout-flow wp-block-column-is-layout-flow\" style=\"flex-basis:66.66%\">\n<h3 class=\"wp-block-heading\" id=\"hindamine\">Hindamine<\/h3>\n\n\n\n<p class=\"has-brand-bright-yellow-color has-text-color\">18. &#8211; 31. m\u00e4rts<\/p>\n\n\n\n<p><br>Valime test\u00fclesannete p\u00f5hjal v\u00e4lja kandidaadid, kelle kutsume vestlusele.<\/p>\n\n\n\n<div style=\"height:30px\" aria-hidden=\"true\" class=\"wp-block-spacer\"><\/div>\n<\/div>\n<\/div>\n\n\n\n<div class=\"wp-block-columns kuidas-kandideerida-viimane is-layout-flex wp-container-core-columns-is-layout-9d6595d7 wp-block-columns-is-layout-flex\">\n<div class=\"wp-block-column kuidas-kandideerida-joon is-layout-flow wp-block-column-is-layout-flow\" style=\"flex-basis:60px\"><div class=\"wp-block-image\">\n<figure class=\"aligncenter size-full is-resized\"><img loading=\"lazy\" decoding=\"async\" width=\"80\" height=\"80\" src=\"https:\/\/stacc.ee\/wp-content\/uploads\/2022\/02\/kuidas-kandideerida-4-1.png\" alt=\"\" class=\"wp-image-13328\" style=\"width:40px;height:40px\"\/><\/figure>\n<\/div><\/div>\n\n\n\n<div class=\"wp-block-column is-layout-flow wp-block-column-is-layout-flow\" style=\"flex-basis:66.66%\">\n<h3 class=\"wp-block-heading\" id=\"vestlused\">Vestlused<\/h3>\n\n\n\n<p class=\"has-brand-bright-yellow-color has-text-color\">1. &#8211; 10. aprill<\/p>\n\n\n\n<p><br>Viime l\u00e4bi vestlused v\u00e4ljavalitud kandidaatidega ning teeme l\u00f5pliku valiku.<\/p>\n\n\n\n<div style=\"height:30px\" aria-hidden=\"true\" class=\"wp-block-spacer\"><\/div>\n<\/div>\n<\/div>\n<\/div>\n\n\n\n<div class=\"wp-block-column is-layout-flow wp-block-column-is-layout-flow\" style=\"flex-basis:50%\"><\/div>\n<\/div>\n\n\n\n<div style=\"height:100px\" aria-hidden=\"true\" class=\"wp-block-spacer\"><\/div>\n<\/div><\/div>\n\n\n\n<div class=\"wp-block-cover is-light praktikaleht-edulood\"><span aria-hidden=\"true\" class=\"wp-block-cover__background has-brand-light-grey-background-color has-background-dim-100 has-background-dim\"><\/span><div class=\"wp-block-cover__inner-container is-layout-flow wp-block-cover-is-layout-flow\">\n<div style=\"height:40px\" aria-hidden=\"true\" class=\"wp-block-spacer\"><\/div>\n\n\n\n<h2 class=\"wp-block-heading\" id=\"edulood\">Edulood<\/h2>\n\n\n\n<div style=\"height:20px\" aria-hidden=\"true\" class=\"wp-block-spacer\"><\/div>\n\n\n\n<div class=\"wp-block-columns is-layout-flex wp-container-core-columns-is-layout-9d6595d7 wp-block-columns-is-layout-flex\">\n<div class=\"wp-block-column is-layout-flow wp-block-column-is-layout-flow\" style=\"flex-basis:33.34%\">\n<figure class=\"wp-block-image size-large\"><a href=\"https:\/\/stacc.ee\/et\/lotta-lorette-matemaatilise-statistika-tudeng-selge-visiooniga\/\"><img loading=\"lazy\" decoding=\"async\" width=\"1024\" height=\"683\" src=\"https:\/\/stacc.ee\/wp-content\/uploads\/2023\/02\/20230215_Mana-Kaasik_STACC-03-1024x683.jpg\" alt=\"\" class=\"wp-image-20494\" srcset=\"https:\/\/stacc.ee\/wp-content\/uploads\/2023\/02\/20230215_Mana-Kaasik_STACC-03-1024x683.jpg 1024w, https:\/\/stacc.ee\/wp-content\/uploads\/2023\/02\/20230215_Mana-Kaasik_STACC-03-300x200.jpg 300w, https:\/\/stacc.ee\/wp-content\/uploads\/2023\/02\/20230215_Mana-Kaasik_STACC-03-768x512.jpg 768w, https:\/\/stacc.ee\/wp-content\/uploads\/2023\/02\/20230215_Mana-Kaasik_STACC-03-1536x1024.jpg 1536w, https:\/\/stacc.ee\/wp-content\/uploads\/2023\/02\/20230215_Mana-Kaasik_STACC-03-2048x1366.jpg 2048w\" sizes=\"(max-width: 1024px) 100vw, 1024px\" \/><\/a><\/figure>\n\n\n\n<h3 class=\"wp-block-heading has-brand-dark-green-color has-text-color has-medium-font-size\" id=\"kaisa-lugu\"><a href=\"https:\/\/stacc.ee\/et\/lotta-lorette-matemaatilise-statistika-tudeng-selge-visiooniga\/\">Lotta-Lorette lugu<\/a><\/h3>\n\n\n\n<p>Matemaatilise statistika tudengist andmeteadlaseks!<\/p>\n<\/div>\n\n\n\n<div class=\"wp-block-column is-layout-flow wp-block-column-is-layout-flow\" style=\"flex-basis:33.34%\">\n<figure class=\"wp-block-image size-large\"><a href=\"https:\/\/stacc.ee\/et\/andreas-karjaari-alustamine-staccis\/\"><img loading=\"lazy\" decoding=\"async\" width=\"1024\" height=\"683\" src=\"https:\/\/stacc.ee\/wp-content\/uploads\/2023\/03\/Andreas-praktika-1024x683.png\" alt=\"\" class=\"wp-image-20775\" srcset=\"https:\/\/stacc.ee\/wp-content\/uploads\/2023\/03\/Andreas-praktika-1024x683.png 1024w, https:\/\/stacc.ee\/wp-content\/uploads\/2023\/03\/Andreas-praktika-300x200.png 300w, https:\/\/stacc.ee\/wp-content\/uploads\/2023\/03\/Andreas-praktika-768x512.png 768w, https:\/\/stacc.ee\/wp-content\/uploads\/2023\/03\/Andreas-praktika-1536x1025.png 1536w, https:\/\/stacc.ee\/wp-content\/uploads\/2023\/03\/Andreas-praktika.png 1838w\" sizes=\"(max-width: 1024px) 100vw, 1024px\" \/><\/a><\/figure>\n\n\n\n<h3 class=\"wp-block-heading has-brand-dark-green-color has-text-color has-medium-font-size\" id=\"joonase-lugu\"><a href=\"https:\/\/stacc.ee\/et\/andreas-karjaari-alustamine-staccis\/\">Andrease lugu<\/a><\/h3>\n\n\n\n<p>Arvutiteaduse tudengist andmeinseneriks!<\/p>\n<\/div>\n\n\n\n<div class=\"wp-block-column is-layout-flow wp-block-column-is-layout-flow\" style=\"flex-basis:33.33%\">\n<figure class=\"wp-block-image size-full\"><a href=\"https:\/\/stacc.ee\/et\/ulikoolist-personaalmeditsiini-praktikale-ja-edasi-andmeinseneriks\/\"><img loading=\"lazy\" decoding=\"async\" width=\"405\" height=\"270\" src=\"https:\/\/stacc.ee\/wp-content\/uploads\/2022\/02\/Image-2.png\" alt=\"\" class=\"wp-image-13349\" srcset=\"https:\/\/stacc.ee\/wp-content\/uploads\/2022\/02\/Image-2.png 405w, https:\/\/stacc.ee\/wp-content\/uploads\/2022\/02\/Image-2-300x200.png 300w\" sizes=\"(max-width: 405px) 100vw, 405px\" \/><\/a><\/figure>\n\n\n\n<h3 class=\"wp-block-heading has-brand-dark-green-color has-text-color has-medium-font-size\" id=\"egerti-lugu\"><a href=\"https:\/\/stacc.ee\/et\/ulikoolist-personaalmeditsiini-praktikale-ja-edasi-andmeinseneriks\/\">Egerti lugu<\/a><\/h3>\n\n\n\n<p>\u00dclikoolist personaalmeditsiini praktikale ja edasi andmeinseneriks.<\/p>\n<\/div>\n<\/div>\n<\/div><\/div>\n\n\n\n<div class=\"wp-block-cover is-light\"><span aria-hidden=\"true\" class=\"wp-block-cover__background has-brand-mellow-grey-background-color has-background-dim-100 has-background-dim\"><\/span><div class=\"wp-block-cover__inner-container is-layout-flow wp-block-cover-is-layout-flow\">\n<div style=\"height:40px\" aria-hidden=\"true\" class=\"wp-block-spacer\"><\/div>\n\n\n\n<h2 class=\"wp-block-heading\" id=\"tootad-huvitavate-projektidega\">T\u00f6\u00f6tad huvitavate projektidega<\/h2>\n\n\n\n<div style=\"height:30px\" aria-hidden=\"true\" class=\"wp-block-spacer\"><\/div>\n\n\n\n<div class=\"wp-block-query is-layout-flow wp-block-query-is-layout-flow\"><\/div>\n\n\n\n<div style=\"height:60px\" aria-hidden=\"true\" class=\"wp-block-spacer\"><\/div>\n<\/div><\/div>\n","protected":false},"excerpt":{"rendered":"","protected":false},"author":1,"featured_media":0,"parent":0,"menu_order":0,"comment_status":"closed","ping_status":"closed","template":"page-templates\/empty.php","meta":{"footnotes":""},"class_list":["post-13268","page","type-page","status-publish","hentry"],"yoast_head":"<!-- This site is optimized with the Yoast SEO plugin v27.5 - https:\/\/yoast.com\/product\/yoast-seo-wordpress\/ -->\n<title>Praktikaprogramm - STACC<\/title>\n<meta name=\"description\" content=\"Liitu Eesti juhtiva masin\u00f5ppe ja andmeteaduse ettev\u00f5tte STACCi praktikaprogrammiga.\" \/>\n<meta name=\"robots\" content=\"index, follow, max-snippet:-1, max-image-preview:large, max-video-preview:-1\" \/>\n<link rel=\"canonical\" href=\"https:\/\/stacc.ee\/et\/praktikaprogramm\/\" \/>\n<meta property=\"og:locale\" content=\"et_EE\" \/>\n<meta property=\"og:type\" content=\"article\" \/>\n<meta property=\"og:title\" content=\"Praktikaprogramm - STACC\" \/>\n<meta property=\"og:description\" content=\"Liitu Eesti juhtiva masin\u00f5ppe ja andmeteaduse ettev\u00f5tte STACCi praktikaprogrammiga.\" \/>\n<meta property=\"og:url\" content=\"https:\/\/stacc.ee\/et\/praktikaprogramm\/\" \/>\n<meta property=\"og:site_name\" content=\"STACC\" \/>\n<meta property=\"article:publisher\" content=\"https:\/\/www.facebook.com\/staccest\" \/>\n<meta property=\"article:modified_time\" content=\"2024-03-11T07:44:33+00:00\" \/>\n<meta property=\"og:image\" content=\"https:\/\/stacc.ee\/wp-content\/uploads\/2023\/02\/Internship-program-2023-2.png\" \/>\n<meta name=\"twitter:card\" content=\"summary_large_image\" \/>\n<meta name=\"twitter:site\" content=\"@staccest1\" \/>\n<meta name=\"twitter:label1\" content=\"Est. reading time\" \/>\n\t<meta name=\"twitter:data1\" content=\"4 minutit\" \/>\n<script type=\"application\/ld+json\" class=\"yoast-schema-graph\">{\"@context\":\"https:\\\/\\\/schema.org\",\"@graph\":[{\"@type\":\"WebPage\",\"@id\":\"https:\\\/\\\/stacc.ee\\\/et\\\/praktikaprogramm\\\/\",\"url\":\"https:\\\/\\\/stacc.ee\\\/et\\\/praktikaprogramm\\\/\",\"name\":\"Praktikaprogramm - STACC\",\"isPartOf\":{\"@id\":\"https:\\\/\\\/stacc.ee\\\/et\\\/#website\"},\"primaryImageOfPage\":{\"@id\":\"https:\\\/\\\/stacc.ee\\\/et\\\/praktikaprogramm\\\/#primaryimage\"},\"image\":{\"@id\":\"https:\\\/\\\/stacc.ee\\\/et\\\/praktikaprogramm\\\/#primaryimage\"},\"thumbnailUrl\":\"https:\\\/\\\/stacc.ee\\\/wp-content\\\/uploads\\\/2023\\\/02\\\/Internship-program-2023-2.png\",\"datePublished\":\"2022-02-19T09:39:51+00:00\",\"dateModified\":\"2024-03-11T07:44:33+00:00\",\"description\":\"Liitu Eesti juhtiva masin\u00f5ppe ja andmeteaduse ettev\u00f5tte STACCi praktikaprogrammiga.\",\"breadcrumb\":{\"@id\":\"https:\\\/\\\/stacc.ee\\\/et\\\/praktikaprogramm\\\/#breadcrumb\"},\"inLanguage\":\"et\",\"potentialAction\":[{\"@type\":\"ReadAction\",\"target\":[\"https:\\\/\\\/stacc.ee\\\/et\\\/praktikaprogramm\\\/\"]}]},{\"@type\":\"ImageObject\",\"inLanguage\":\"et\",\"@id\":\"https:\\\/\\\/stacc.ee\\\/et\\\/praktikaprogramm\\\/#primaryimage\",\"url\":\"https:\\\/\\\/stacc.ee\\\/wp-content\\\/uploads\\\/2023\\\/02\\\/Internship-program-2023-2.png\",\"contentUrl\":\"https:\\\/\\\/stacc.ee\\\/wp-content\\\/uploads\\\/2023\\\/02\\\/Internship-program-2023-2.png\"},{\"@type\":\"BreadcrumbList\",\"@id\":\"https:\\\/\\\/stacc.ee\\\/et\\\/praktikaprogramm\\\/#breadcrumb\",\"itemListElement\":[{\"@type\":\"ListItem\",\"position\":1,\"name\":\"Avaleht\",\"item\":\"https:\\\/\\\/stacc.ee\\\/et\\\/\"},{\"@type\":\"ListItem\",\"position\":2,\"name\":\"Praktikaprogramm\"}]},{\"@type\":\"WebSite\",\"@id\":\"https:\\\/\\\/stacc.ee\\\/et\\\/#website\",\"url\":\"https:\\\/\\\/stacc.ee\\\/et\\\/\",\"name\":\"STACC\",\"description\":\"Juhtiv masin\u00f5ppe ja andmeteaduse ettev\u00f5te\",\"publisher\":{\"@id\":\"https:\\\/\\\/stacc.ee\\\/et\\\/#organization\"},\"potentialAction\":[{\"@type\":\"SearchAction\",\"target\":{\"@type\":\"EntryPoint\",\"urlTemplate\":\"https:\\\/\\\/stacc.ee\\\/et\\\/?s={search_term_string}\"},\"query-input\":{\"@type\":\"PropertyValueSpecification\",\"valueRequired\":true,\"valueName\":\"search_term_string\"}}],\"inLanguage\":\"et\"},{\"@type\":\"Organization\",\"@id\":\"https:\\\/\\\/stacc.ee\\\/et\\\/#organization\",\"name\":\"STACC\",\"url\":\"https:\\\/\\\/stacc.ee\\\/et\\\/\",\"logo\":{\"@type\":\"ImageObject\",\"inLanguage\":\"et\",\"@id\":\"https:\\\/\\\/stacc.ee\\\/et\\\/#\\\/schema\\\/logo\\\/image\\\/\",\"url\":\"https:\\\/\\\/stacc.ee\\\/wp-content\\\/uploads\\\/2021\\\/09\\\/stacc.jpg\",\"contentUrl\":\"https:\\\/\\\/stacc.ee\\\/wp-content\\\/uploads\\\/2021\\\/09\\\/stacc.jpg\",\"width\":176,\"height\":176,\"caption\":\"STACC\"},\"image\":{\"@id\":\"https:\\\/\\\/stacc.ee\\\/et\\\/#\\\/schema\\\/logo\\\/image\\\/\"},\"sameAs\":[\"https:\\\/\\\/www.facebook.com\\\/staccest\",\"https:\\\/\\\/x.com\\\/staccest1\",\"https:\\\/\\\/www.instagram.com\\\/staccest\\\/\",\"https:\\\/\\\/ee.linkedin.com\\\/company\\\/staccest\",\"https:\\\/\\\/www.youtube.com\\\/channel\\\/UCnn59bCz9vSM3lC0S9j6Ccw\"]}]}<\/script>\n<!-- \/ Yoast SEO plugin. -->","yoast_head_json":{"title":"Praktikaprogramm - STACC","description":"Liitu Eesti juhtiva masin\u00f5ppe ja andmeteaduse ettev\u00f5tte STACCi praktikaprogrammiga.","robots":{"index":"index","follow":"follow","max-snippet":"max-snippet:-1","max-image-preview":"max-image-preview:large","max-video-preview":"max-video-preview:-1"},"canonical":"https:\/\/stacc.ee\/et\/praktikaprogramm\/","og_locale":"et_EE","og_type":"article","og_title":"Praktikaprogramm - STACC","og_description":"Liitu Eesti juhtiva masin\u00f5ppe ja andmeteaduse ettev\u00f5tte STACCi praktikaprogrammiga.","og_url":"https:\/\/stacc.ee\/et\/praktikaprogramm\/","og_site_name":"STACC","article_publisher":"https:\/\/www.facebook.com\/staccest","article_modified_time":"2024-03-11T07:44:33+00:00","og_image":[{"url":"https:\/\/stacc.ee\/wp-content\/uploads\/2023\/02\/Internship-program-2023-2.png","type":"","width":"","height":""}],"twitter_card":"summary_large_image","twitter_site":"@staccest1","twitter_misc":{"Est. reading time":"4 minutit"},"schema":{"@context":"https:\/\/schema.org","@graph":[{"@type":"WebPage","@id":"https:\/\/stacc.ee\/et\/praktikaprogramm\/","url":"https:\/\/stacc.ee\/et\/praktikaprogramm\/","name":"Praktikaprogramm - STACC","isPartOf":{"@id":"https:\/\/stacc.ee\/et\/#website"},"primaryImageOfPage":{"@id":"https:\/\/stacc.ee\/et\/praktikaprogramm\/#primaryimage"},"image":{"@id":"https:\/\/stacc.ee\/et\/praktikaprogramm\/#primaryimage"},"thumbnailUrl":"https:\/\/stacc.ee\/wp-content\/uploads\/2023\/02\/Internship-program-2023-2.png","datePublished":"2022-02-19T09:39:51+00:00","dateModified":"2024-03-11T07:44:33+00:00","description":"Liitu Eesti juhtiva masin\u00f5ppe ja andmeteaduse ettev\u00f5tte STACCi praktikaprogrammiga.","breadcrumb":{"@id":"https:\/\/stacc.ee\/et\/praktikaprogramm\/#breadcrumb"},"inLanguage":"et","potentialAction":[{"@type":"ReadAction","target":["https:\/\/stacc.ee\/et\/praktikaprogramm\/"]}]},{"@type":"ImageObject","inLanguage":"et","@id":"https:\/\/stacc.ee\/et\/praktikaprogramm\/#primaryimage","url":"https:\/\/stacc.ee\/wp-content\/uploads\/2023\/02\/Internship-program-2023-2.png","contentUrl":"https:\/\/stacc.ee\/wp-content\/uploads\/2023\/02\/Internship-program-2023-2.png"},{"@type":"BreadcrumbList","@id":"https:\/\/stacc.ee\/et\/praktikaprogramm\/#breadcrumb","itemListElement":[{"@type":"ListItem","position":1,"name":"Avaleht","item":"https:\/\/stacc.ee\/et\/"},{"@type":"ListItem","position":2,"name":"Praktikaprogramm"}]},{"@type":"WebSite","@id":"https:\/\/stacc.ee\/et\/#website","url":"https:\/\/stacc.ee\/et\/","name":"STACC","description":"Juhtiv masin\u00f5ppe ja andmeteaduse ettev\u00f5te","publisher":{"@id":"https:\/\/stacc.ee\/et\/#organization"},"potentialAction":[{"@type":"SearchAction","target":{"@type":"EntryPoint","urlTemplate":"https:\/\/stacc.ee\/et\/?s={search_term_string}"},"query-input":{"@type":"PropertyValueSpecification","valueRequired":true,"valueName":"search_term_string"}}],"inLanguage":"et"},{"@type":"Organization","@id":"https:\/\/stacc.ee\/et\/#organization","name":"STACC","url":"https:\/\/stacc.ee\/et\/","logo":{"@type":"ImageObject","inLanguage":"et","@id":"https:\/\/stacc.ee\/et\/#\/schema\/logo\/image\/","url":"https:\/\/stacc.ee\/wp-content\/uploads\/2021\/09\/stacc.jpg","contentUrl":"https:\/\/stacc.ee\/wp-content\/uploads\/2021\/09\/stacc.jpg","width":176,"height":176,"caption":"STACC"},"image":{"@id":"https:\/\/stacc.ee\/et\/#\/schema\/logo\/image\/"},"sameAs":["https:\/\/www.facebook.com\/staccest","https:\/\/x.com\/staccest1","https:\/\/www.instagram.com\/staccest\/","https:\/\/ee.linkedin.com\/company\/staccest","https:\/\/www.youtube.com\/channel\/UCnn59bCz9vSM3lC0S9j6Ccw"]}]}},"_links":{"self":[{"href":"https:\/\/stacc.ee\/et\/wp-json\/wp\/v2\/pages\/13268","targetHints":{"allow":["GET"]}}],"collection":[{"href":"https:\/\/stacc.ee\/et\/wp-json\/wp\/v2\/pages"}],"about":[{"href":"https:\/\/stacc.ee\/et\/wp-json\/wp\/v2\/types\/page"}],"author":[{"embeddable":true,"href":"https:\/\/stacc.ee\/et\/wp-json\/wp\/v2\/users\/1"}],"replies":[{"embeddable":true,"href":"https:\/\/stacc.ee\/et\/wp-json\/wp\/v2\/comments?post=13268"}],"version-history":[{"count":0,"href":"https:\/\/stacc.ee\/et\/wp-json\/wp\/v2\/pages\/13268\/revisions"}],"wp:attachment":[{"href":"https:\/\/stacc.ee\/et\/wp-json\/wp\/v2\/media?parent=13268"}],"curies":[{"name":"wp","href":"https:\/\/api.w.org\/{rel}","templated":true}]}}